{"id":268,"date":"2024-04-22T03:26:02","date_gmt":"2024-04-22T03:26:02","guid":{"rendered":"https:\/\/jdxt.honeyplaybox.eu\/?page_id=268"},"modified":"2024-04-26T09:39:04","modified_gmt":"2024-04-26T09:39:04","slug":"wxpxs-detail","status":"publish","type":"page","link":"https:\/\/www.szunioncargo.com\/es\/wxpxs-detail\/","title":{"rendered":"Transporte de Mercanc\u00edas Peligrosas"},"content":{"rendered":"<div data-elementor-type=\"wp-page\" data-elementor-id=\"268\" class=\"elementor elementor-268\" data-elementor-post-type=\"page\">\n\t\t\t\t<div class=\"elementor-element elementor-element-a0e3763 e-flex e-con-boxed e-con e-parent\" data-id=\"a0e3763\" data-element_type=\"container\">\n\t\t\t\t\t<div class=\"e-con-inner\">\n\t\t<div class=\"elementor-element elementor-element-2ef361c e-con-full e-flex e-con e-child\" data-id=\"2ef361c\" data-element_type=\"container\">\n\t\t\t\t<div class=\"elementor-element elementor-element-d42f784 elementor-widget elementor-widget-image\" data-id=\"d42f784\" data-element_type=\"widget\" data-settings=\"{&quot;_animation&quot;:&quot;none&quot;}\" data-widget_type=\"image.default\">\n\t\t\t\t<div class=\"elementor-widget-container\">\n\t\t\t<style>\/*! elementor - v3.21.0 - 18-04-2024 *\/\n.elementor-widget-image{text-align:center}.elementor-widget-image a{display:inline-block}.elementor-widget-image a img[src$=\".svg\"]{width:48px}.elementor-widget-image img{vertical-align:middle;display:inline-block}<\/style>\t\t\t\t\t\t\t\t\t\t<img fetchpriority=\"high\" decoding=\"async\" width=\"610\" height=\"454\" src=\"https:\/\/www.szunioncargo.com\/wp-content\/uploads\/2024\/04\/wxpnew-1.webp\" class=\"attachment-large size-large wp-image-1018\" alt=\"\" srcset=\"https:\/\/www.szunioncargo.com\/wp-content\/uploads\/2024\/04\/wxpnew-1.webp 610w, https:\/\/www.szunioncargo.com\/wp-content\/uploads\/2024\/04\/wxpnew-1-300x223.webp 300w, https:\/\/www.szunioncargo.com\/wp-content\/uploads\/2024\/04\/wxpnew-1-600x447.webp 600w, https:\/\/www.szunioncargo.com\/wp-content\/uploads\/2024\/04\/wxpnew-1-16x12.webp 16w\" sizes=\"100vw\" \/>\t\t\t\t\t\t\t\t\t\t\t\t\t<\/div>\n\t\t\t\t<\/div>\n\t\t\t\t<\/div>\n\t\t<div class=\"elementor-element elementor-element-1bf1312 e-con-full e-flex e-con e-child\" data-id=\"1bf1312\" data-element_type=\"container\">\n\t\t<div class=\"elementor-element elementor-element-884b062 e-flex e-con-boxed e-con e-child\" data-id=\"884b062\" data-element_type=\"container\">\n\t\t\t\t\t<div class=\"e-con-inner\">\n\t\t<div class=\"elementor-element elementor-element-eeb67e6 e-con-full e-flex e-con e-child\" data-id=\"eeb67e6\" data-element_type=\"container\">\n\t\t\t\t<div class=\"elementor-element elementor-element-dccaf54 elementor-widget elementor-widget-image\" data-id=\"dccaf54\" data-element_type=\"widget\" data-widget_type=\"image.default\">\n\t\t\t\t<div class=\"elementor-widget-container\">\n\t\t\t\t\t\t\t\t\t\t\t\t\t<img decoding=\"async\" width=\"78\" height=\"85\" src=\"https:\/\/www.szunioncargo.com\/wp-content\/uploads\/2024\/04\/wxpnew-2.png\" class=\"attachment-large size-large wp-image-1019\" alt=\"\" srcset=\"https:\/\/www.szunioncargo.com\/wp-content\/uploads\/2024\/04\/wxpnew-2.png 78w, https:\/\/www.szunioncargo.com\/wp-content\/uploads\/2024\/04\/wxpnew-2-11x12.png 11w\" sizes=\"100vw\" \/>\t\t\t\t\t\t\t\t\t\t\t\t\t<\/div>\n\t\t\t\t<\/div>\n\t\t\t\t<\/div>\n\t\t<div class=\"elementor-element elementor-element-862f18d e-flex e-con-boxed e-con e-child\" data-id=\"862f18d\" data-element_type=\"container\" data-settings=\"{&quot;animation&quot;:&quot;none&quot;}\">\n\t\t\t\t\t<div class=\"e-con-inner\">\n\t\t\t\t<div class=\"elementor-element elementor-element-40be13d wpx-min-header elementor-widget elementor-widget-heading\" data-id=\"40be13d\" data-element_type=\"widget\" data-widget_type=\"heading.default\">\n\t\t\t\t<div class=\"elementor-widget-container\">\n\t\t\t<style>\/*! elementor - v3.21.0 - 18-04-2024 *\/\n.elementor-heading-title{padding:0;margin:0;line-height:1}.elementor-widget-heading .elementor-heading-title[class*=elementor-size-]>a{color:inherit;font-size:inherit;line-height:inherit}.elementor-widget-heading .elementor-heading-title.elementor-size-small{font-size:15px}.elementor-widget-heading .elementor-heading-title.elementor-size-medium{font-size:19px}.elementor-widget-heading .elementor-heading-title.elementor-size-large{font-size:29px}.elementor-widget-heading .elementor-heading-title.elementor-size-xl{font-size:39px}.elementor-widget-heading .elementor-heading-title.elementor-size-xxl{font-size:59px}<\/style><h2 class=\"elementor-heading-title elementor-size-default\">Mercanc\u00edas peligrosas transportadas por mar<\/h2>\t\t<\/div>\n\t\t\t\t<\/div>\n\t\t\t\t<div class=\"elementor-element elementor-element-4c98137 elementor-widget elementor-widget-text-editor\" data-id=\"4c98137\" data-element_type=\"widget\" data-widget_type=\"text-editor.default\">\n\t\t\t\t<div class=\"elementor-widget-container\">\n\t\t\t<style>\/*! elementor - v3.21.0 - 18-04-2024 *\/\n.elementor-widget-text-editor.elementor-drop-cap-view-stacked .elementor-drop-cap{background-color:#69727d;color:#fff}.elementor-widget-text-editor.elementor-drop-cap-view-framed .elementor-drop-cap{color:#69727d;border:3px solid;background-color:transparent}.elementor-widget-text-editor:not(.elementor-drop-cap-view-default) .elementor-drop-cap{margin-top:8px}.elementor-widget-text-editor:not(.elementor-drop-cap-view-default) .elementor-drop-cap-letter{width:1em;height:1em}.elementor-widget-text-editor .elementor-drop-cap{float:left;text-align:center;line-height:1;font-size:50px}.elementor-widget-text-editor .elementor-drop-cap-letter{display:inline-block}<\/style>\t\t\t\t<p>Contenedor completo y contenedor consolidado<\/p>\t\t\t\t\t\t<\/div>\n\t\t\t\t<\/div>\n\t\t\t\t\t<\/div>\n\t\t\t\t<\/div>\n\t\t\t\t\t<\/div>\n\t\t\t\t<\/div>\n\t\t<div class=\"elementor-element elementor-element-a4448d8 e-flex e-con-boxed e-con e-child\" data-id=\"a4448d8\" data-element_type=\"container\" data-settings=\"{&quot;animation&quot;:&quot;none&quot;}\">\n\t\t\t\t\t<div class=\"e-con-inner\">\n\t\t\t\t<div class=\"elementor-element elementor-element-517dbb3 wxp-content-container elementor-widget elementor-widget-text-editor\" data-id=\"517dbb3\" data-element_type=\"widget\" data-widget_type=\"text-editor.default\">\n\t\t\t\t<div class=\"elementor-widget-container\">\n\t\t\t\t\t\t\t<p>Ofrecemos mercanc\u00edas peligrosas de clase 2, 3, 4, 5, 6, 8 y 9.<\/p><p>Servicios de transporte para exportaciones FCL y LCL a puertos de todo el mundo.<\/p><p>Carga y descarga de mercanc\u00edas peligrosas, paletizaci\u00f3n, etiquetado, despacho de aduanas, declaraci\u00f3n mar\u00edtima y otros servicios.<\/p><p>Almacenamiento de materiales peligrosos, 2-8 grados, -20 grados temperatura controlada.<\/p>\t\t\t\t\t\t<\/div>\n\t\t\t\t<\/div>\n\t\t\t\t<div class=\"elementor-element elementor-element-c5f275c wxp-content-container elementor-widget elementor-widget-text-editor\" data-id=\"c5f275c\" data-element_type=\"widget\" data-widget_type=\"text-editor.default\">\n\t\t\t\t<div class=\"elementor-widget-container\">\n\t\t\t\t\t\t\t<p><strong>Shenzhen - Hong Kong - Guangzhou<\/strong><\/p>\t\t\t\t\t\t<\/div>\n\t\t\t\t<\/div>\n\t\t\t\t\t<\/div>\n\t\t\t\t<\/div>\n\t\t\t\t<\/div>\n\t\t\t\t\t<\/div>\n\t\t\t\t<\/div>\n\t\t<div class=\"elementor-element elementor-element-71ff32e e-flex e-con-boxed e-con e-parent\" data-id=\"71ff32e\" data-element_type=\"container\">\n\t\t\t\t\t<div class=\"e-con-inner\">\n\t\t<div class=\"elementor-element elementor-element-14fd5da e-con-full e-flex e-con e-child\" data-id=\"14fd5da\" data-element_type=\"container\">\n\t\t<div class=\"elementor-element elementor-element-a5465aa e-flex e-con-boxed e-con e-child\" data-id=\"a5465aa\" data-element_type=\"container\">\n\t\t\t\t\t<div class=\"e-con-inner\">\n\t\t<div class=\"elementor-element elementor-element-1434ab4 e-con-full e-flex e-con e-child\" data-id=\"1434ab4\" data-element_type=\"container\">\n\t\t\t\t<div class=\"elementor-element elementor-element-7a20099 elementor-widget elementor-widget-image\" data-id=\"7a20099\" data-element_type=\"widget\" data-widget_type=\"image.default\">\n\t\t\t\t<div class=\"elementor-widget-container\">\n\t\t\t\t\t\t\t\t\t\t\t\t\t<img decoding=\"async\" width=\"81\" height=\"92\" src=\"https:\/\/www.szunioncargo.com\/wp-content\/uploads\/2024\/04\/wxpnew-4.png\" class=\"attachment-large size-large wp-image-1050\" alt=\"\" srcset=\"https:\/\/www.szunioncargo.com\/wp-content\/uploads\/2024\/04\/wxpnew-4.png 81w, https:\/\/www.szunioncargo.com\/wp-content\/uploads\/2024\/04\/wxpnew-4-11x12.png 11w\" sizes=\"100vw\" \/>\t\t\t\t\t\t\t\t\t\t\t\t\t<\/div>\n\t\t\t\t<\/div>\n\t\t\t\t<\/div>\n\t\t<div class=\"elementor-element elementor-element-06a5f2d e-flex e-con-boxed e-con e-child\" data-id=\"06a5f2d\" data-element_type=\"container\" data-settings=\"{&quot;animation&quot;:&quot;none&quot;}\">\n\t\t\t\t\t<div class=\"e-con-inner\">\n\t\t\t\t<div class=\"elementor-element elementor-element-aebe3da wpx-min-header elementor-widget elementor-widget-heading\" data-id=\"aebe3da\" data-element_type=\"widget\" data-widget_type=\"heading.default\">\n\t\t\t\t<div class=\"elementor-widget-container\">\n\t\t\t<h2 class=\"elementor-heading-title elementor-size-default\">Mercanc\u00edas peligrosas por v\u00eda a\u00e9rea<\/h2>\t\t<\/div>\n\t\t\t\t<\/div>\n\t\t\t\t<div class=\"elementor-element elementor-element-6974d78 elementor-widget elementor-widget-text-editor\" data-id=\"6974d78\" data-element_type=\"widget\" data-widget_type=\"text-editor.default\">\n\t\t\t\t<div class=\"elementor-widget-container\">\n\t\t\t\t\t\t\t<p>AIR FREIGHT<\/p>\t\t\t\t\t\t<\/div>\n\t\t\t\t<\/div>\n\t\t\t\t\t<\/div>\n\t\t\t\t<\/div>\n\t\t\t\t\t<\/div>\n\t\t\t\t<\/div>\n\t\t<div class=\"elementor-element elementor-element-5d80113 e-flex e-con-boxed e-con e-child\" data-id=\"5d80113\" data-element_type=\"container\">\n\t\t\t\t\t<div class=\"e-con-inner\">\n\t\t\t\t<div class=\"elementor-element elementor-element-3ce17c1 wxp-content-container elementor-widget elementor-widget-text-editor\" data-id=\"3ce17c1\" data-element_type=\"widget\" data-widget_type=\"text-editor.default\">\n\t\t\t\t<div class=\"elementor-widget-container\">\n\t\t\t\t\t\t\t<p>Ofrecemos servicios de transporte a\u00e9reo de mercanc\u00edas peligrosas desde la exportaci\u00f3n a los principales aeropuertos del mundo.<\/p><p>Categor\u00edas 1, 2, 3, 4, 5, 6, 7, 8, 9<\/p><p>Embalaje UN, etiquetado peligroso, paletizaci\u00f3n, declaraci\u00f3n de mercanc\u00edas peligrosas, transporte en cadena de fr\u00edo 2-8\u00b0C, -20\u00b0C seg\u00fan los requisitos DGR de la IATA.<\/p><p>mercanc\u00edas peligrosas<\/p><p>Cantidad exceptuada Embalaje Transporte (EQ)<\/p><p>Transporte empaquetado en cantidades limitadas (LQ)<\/p>\t\t\t\t\t\t<\/div>\n\t\t\t\t<\/div>\n\t\t\t\t\t<\/div>\n\t\t\t\t<\/div>\n\t\t\t\t<\/div>\n\t\t<div class=\"elementor-element elementor-element-2030c09 e-con-full e-flex e-con e-child\" data-id=\"2030c09\" data-element_type=\"container\">\n\t\t\t\t<div class=\"elementor-element elementor-element-e1a2696 elementor-widget elementor-widget-image\" data-id=\"e1a2696\" data-element_type=\"widget\" data-widget_type=\"image.default\">\n\t\t\t\t<div class=\"elementor-widget-container\">\n\t\t\t\t\t\t\t\t\t\t\t\t\t<img loading=\"lazy\" decoding=\"async\" width=\"614\" height=\"455\" src=\"https:\/\/www.szunioncargo.com\/wp-content\/uploads\/2024\/04\/wxpnew-3.webp\" class=\"attachment-large size-large wp-image-1049\" alt=\"\" srcset=\"https:\/\/www.szunioncargo.com\/wp-content\/uploads\/2024\/04\/wxpnew-3.webp 614w, https:\/\/www.szunioncargo.com\/wp-content\/uploads\/2024\/04\/wxpnew-3-300x222.webp 300w, https:\/\/www.szunioncargo.com\/wp-content\/uploads\/2024\/04\/wxpnew-3-600x445.webp 600w, https:\/\/www.szunioncargo.com\/wp-content\/uploads\/2024\/04\/wxpnew-3-16x12.webp 16w\" sizes=\"100vw\" \/>\t\t\t\t\t\t\t\t\t\t\t\t\t<\/div>\n\t\t\t\t<\/div>\n\t\t\t\t<\/div>\n\t\t\t\t\t<\/div>\n\t\t\t\t<\/div>\n\t\t<div class=\"elementor-element elementor-element-ecd7e95 e-flex e-con-boxed e-con e-parent\" data-id=\"ecd7e95\" data-element_type=\"container\">\n\t\t\t\t\t<div class=\"e-con-inner\">\n\t\t<div class=\"elementor-element elementor-element-f787244 e-con-full e-flex e-con e-child\" data-id=\"f787244\" data-element_type=\"container\">\n\t\t\t\t<div class=\"elementor-element elementor-element-2222289 elementor-widget elementor-widget-image\" data-id=\"2222289\" data-element_type=\"widget\" data-widget_type=\"image.default\">\n\t\t\t\t<div class=\"elementor-widget-container\">\n\t\t\t\t\t\t\t\t\t\t\t\t\t<img loading=\"lazy\" decoding=\"async\" width=\"611\" height=\"455\" src=\"https:\/\/www.szunioncargo.com\/wp-content\/uploads\/2024\/04\/wxpnew-5.webp\" class=\"attachment-large size-large wp-image-1056\" alt=\"\" srcset=\"https:\/\/www.szunioncargo.com\/wp-content\/uploads\/2024\/04\/wxpnew-5.webp 611w, https:\/\/www.szunioncargo.com\/wp-content\/uploads\/2024\/04\/wxpnew-5-300x223.webp 300w, https:\/\/www.szunioncargo.com\/wp-content\/uploads\/2024\/04\/wxpnew-5-600x447.webp 600w, https:\/\/www.szunioncargo.com\/wp-content\/uploads\/2024\/04\/wxpnew-5-16x12.webp 16w\" sizes=\"100vw\" \/>\t\t\t\t\t\t\t\t\t\t\t\t\t<\/div>\n\t\t\t\t<\/div>\n\t\t\t\t<\/div>\n\t\t<div class=\"elementor-element elementor-element-9e3f2fc e-con-full e-flex e-con e-child\" data-id=\"9e3f2fc\" data-element_type=\"container\">\n\t\t<div class=\"elementor-element elementor-element-8105b7e e-flex e-con-boxed e-con e-child\" data-id=\"8105b7e\" data-element_type=\"container\">\n\t\t\t\t\t<div class=\"e-con-inner\">\n\t\t<div class=\"elementor-element elementor-element-358ca25 e-con-full e-flex e-con e-child\" data-id=\"358ca25\" data-element_type=\"container\">\n\t\t\t\t<div class=\"elementor-element elementor-element-f688588 elementor-widget elementor-widget-image\" data-id=\"f688588\" data-element_type=\"widget\" data-widget_type=\"image.default\">\n\t\t\t\t<div class=\"elementor-widget-container\">\n\t\t\t\t\t\t\t\t\t\t\t\t\t<img loading=\"lazy\" decoding=\"async\" width=\"96\" height=\"94\" src=\"https:\/\/www.szunioncargo.com\/wp-content\/uploads\/2024\/04\/wxpnew-6.png\" class=\"attachment-large size-large wp-image-1055\" alt=\"\" srcset=\"https:\/\/www.szunioncargo.com\/wp-content\/uploads\/2024\/04\/wxpnew-6.png 96w, https:\/\/www.szunioncargo.com\/wp-content\/uploads\/2024\/04\/wxpnew-6-12x12.png 12w\" sizes=\"100vw\" \/>\t\t\t\t\t\t\t\t\t\t\t\t\t<\/div>\n\t\t\t\t<\/div>\n\t\t\t\t<\/div>\n\t\t<div class=\"elementor-element elementor-element-7261e96 e-flex e-con-boxed e-con e-child\" data-id=\"7261e96\" data-element_type=\"container\">\n\t\t\t\t\t<div class=\"e-con-inner\">\n\t\t\t\t<div class=\"elementor-element elementor-element-b922887 wpx-min-header elementor-widget elementor-widget-heading\" data-id=\"b922887\" data-element_type=\"widget\" data-widget_type=\"heading.default\">\n\t\t\t\t<div class=\"elementor-widget-container\">\n\t\t\t<h2 class=\"elementor-heading-title elementor-size-default\">expreso internacional<\/h2>\t\t<\/div>\n\t\t\t\t<\/div>\n\t\t\t\t<div class=\"elementor-element elementor-element-29d439c elementor-widget elementor-widget-text-editor\" data-id=\"29d439c\" data-element_type=\"widget\" data-widget_type=\"text-editor.default\">\n\t\t\t\t<div class=\"elementor-widget-container\">\n\t\t\t\t\t\t\t<p>FedEX&amp;DHL&amp;UPS<\/p>\t\t\t\t\t\t<\/div>\n\t\t\t\t<\/div>\n\t\t\t\t\t<\/div>\n\t\t\t\t<\/div>\n\t\t\t\t\t<\/div>\n\t\t\t\t<\/div>\n\t\t<div class=\"elementor-element elementor-element-4e138bb e-flex e-con-boxed e-con e-child\" data-id=\"4e138bb\" data-element_type=\"container\">\n\t\t\t\t\t<div class=\"e-con-inner\">\n\t\t\t\t<div class=\"elementor-element elementor-element-9cbdddf wxp-content-container elementor-widget elementor-widget-text-editor\" data-id=\"9cbdddf\" data-element_type=\"widget\" data-widget_type=\"text-editor.default\">\n\t\t\t\t<div class=\"elementor-widget-container\">\n\t\t\t\t\t\t\t<p>Proporcionamos servicio de mensajer\u00eda para mercanc\u00edas peligrosas de clase 2, 3, 4, 5, 6, 8, 9 exportadas desde Hong Kong a la mayor\u00eda de los pa\u00edses del mundo a trav\u00e9s de FedEx, DHL, UPS.<\/p><p>Embalaje UN, etiquetado de mercanc\u00edas peligrosas, paletizaci\u00f3n, declaraci\u00f3n de mercanc\u00edas peligrosas seg\u00fan IATA DGR<\/p><p>2-8\u00b0C, -20\u00b0C transporte en cadena de fr\u00edo<\/p><p>mercanc\u00edas peligrosas<\/p><p>Cantidad exceptuada Embalaje Transporte (EQ)<\/p><p>Embalaje de cantidad limitada (LQ)<\/p>\t\t\t\t\t\t<\/div>\n\t\t\t\t<\/div>\n\t\t\t\t\t<\/div>\n\t\t\t\t<\/div>\n\t\t\t\t<\/div>\n\t\t\t\t\t<\/div>\n\t\t\t\t<\/div>\n\t\t\t\t<\/div>","protected":false},"excerpt":{"rendered":"<p>\u6d77\u8fd0\u5371\u9669\u54c1 \u6574\u67dc&amp;\u62fc\u7bb1 \u6211\u4eec\u63d0\u4f9b2\u30013\u30014\u30015\u30016\u30018\u30019\u7c7b\u5371\u9669\u8d27\u7269 \u6574\u67dc\u548c\u62fc\u7bb1\u51fa\u53e3\u5230\u4e16\u754c\u5404\u5730\u6e2f\u53e3\u7684\u8fd0 &hellip; <\/p>\n<p class=\"link-more\"><a href=\"https:\/\/www.szunioncargo.com\/es\/wxpxs-detail\/\" class=\"more-link\">Leer m\u00e1s<span class=\"screen-reader-text\"> \u00ab\u5371\u9669\u54c1\u8fd0\u8f93\u00bb<\/span><\/a><\/p>","protected":false},"author":1,"featured_media":538,"parent":0,"menu_order":0,"comment_status":"closed","ping_status":"closed","template":"","meta":{"footnotes":""},"class_list":["post-268","page","type-page","status-publish","has-post-thumbnail","hentry"],"featured_media_urls":{"thumbnail":["https:\/\/www.szunioncargo.com\/wp-content\/uploads\/2024\/04\/wxp-banner-150x150.jpg",150,150,true],"medium":["https:\/\/www.szunioncargo.com\/wp-content\/uploads\/2024\/04\/wxp-banner-300x79.jpg",300,79,true],"medium_large":["https:\/\/www.szunioncargo.com\/wp-content\/uploads\/2024\/04\/wxp-banner.jpg",768,202,false],"large":["https:\/\/www.szunioncargo.com\/wp-content\/uploads\/2024\/04\/wxp-banner-1024x269.jpg",950,250,true],"1536x1536":["https:\/\/www.szunioncargo.com\/wp-content\/uploads\/2024\/04\/wxp-banner-1536x404.jpg",1536,404,true],"2048x2048":["https:\/\/www.szunioncargo.com\/wp-content\/uploads\/2024\/04\/wxp-banner.jpg",1900,500,false],"trp-custom-language-flag":["https:\/\/www.szunioncargo.com\/wp-content\/uploads\/2024\/04\/wxp-banner-18x5.jpg",18,5,true],"inspiro-featured-image":["https:\/\/www.szunioncargo.com\/wp-content\/uploads\/2024\/04\/wxp-banner.jpg",1900,500,false],"inspiro-loop":["https:\/\/www.szunioncargo.com\/wp-content\/uploads\/2024\/04\/wxp-banner-950x320.jpg",950,320,true],"inspiro-loop@2x":["https:\/\/www.szunioncargo.com\/wp-content\/uploads\/2024\/04\/wxp-banner.jpg",1900,500,false],"portfolio_item-thumbnail":["https:\/\/www.szunioncargo.com\/wp-content\/uploads\/2024\/04\/wxp-banner-600x400.jpg",600,400,true],"portfolio_item-thumbnail@2x":["https:\/\/www.szunioncargo.com\/wp-content\/uploads\/2024\/04\/wxp-banner-1200x500.jpg",1200,500,true],"portfolio_item-masonry":["https:\/\/www.szunioncargo.com\/wp-content\/uploads\/2024\/04\/wxp-banner-600x158.jpg",600,158,true],"portfolio_item-masonry@2x":["https:\/\/www.szunioncargo.com\/wp-content\/uploads\/2024\/04\/wxp-banner-1200x316.jpg",1200,316,true],"portfolio_item-thumbnail_cinema":["https:\/\/www.szunioncargo.com\/wp-content\/uploads\/2024\/04\/wxp-banner-800x335.jpg",800,335,true],"portfolio_item-thumbnail_portrait":["https:\/\/www.szunioncargo.com\/wp-content\/uploads\/2024\/04\/wxp-banner-600x500.jpg",600,500,true],"portfolio_item-thumbnail_portrait@2x":["https:\/\/www.szunioncargo.com\/wp-content\/uploads\/2024\/04\/wxp-banner-1200x500.jpg",1200,500,true],"portfolio_item-thumbnail_square":["https:\/\/www.szunioncargo.com\/wp-content\/uploads\/2024\/04\/wxp-banner-800x500.jpg",800,500,true]},"_links":{"self":[{"href":"https:\/\/www.szunioncargo.com\/es\/wp-json\/wp\/v2\/pages\/268","targetHints":{"allow":["GET"]}}],"collection":[{"href":"https:\/\/www.szunioncargo.com\/es\/wp-json\/wp\/v2\/pages"}],"about":[{"href":"https:\/\/www.szunioncargo.com\/es\/wp-json\/wp\/v2\/types\/page"}],"author":[{"embeddable":true,"href":"https:\/\/www.szunioncargo.com\/es\/wp-json\/wp\/v2\/users\/1"}],"replies":[{"embeddable":true,"href":"https:\/\/www.szunioncargo.com\/es\/wp-json\/wp\/v2\/comments?post=268"}],"version-history":[{"count":53,"href":"https:\/\/www.szunioncargo.com\/es\/wp-json\/wp\/v2\/pages\/268\/revisions"}],"predecessor-version":[{"id":1065,"href":"https:\/\/www.szunioncargo.com\/es\/wp-json\/wp\/v2\/pages\/268\/revisions\/1065"}],"wp:featuredmedia":[{"embeddable":true,"href":"https:\/\/www.szunioncargo.com\/es\/wp-json\/wp\/v2\/media\/538"}],"wp:attachment":[{"href":"https:\/\/www.szunioncargo.com\/es\/wp-json\/wp\/v2\/media?parent=268"}],"curies":[{"name":"wp","href":"https:\/\/api.w.org\/{rel}","templated":true}]}}