{"id":47,"date":"2024-04-20T08:55:31","date_gmt":"2024-04-20T08:55:31","guid":{"rendered":"https:\/\/jdxt.honeyplaybox.eu\/?page_id=47"},"modified":"2024-05-25T07:56:37","modified_gmt":"2024-05-25T07:56:37","slug":"wxp","status":"publish","type":"page","link":"https:\/\/www.szunioncargo.com\/es\/wxp\/","title":{"rendered":"Transporte de Mercanc\u00edas Peligrosas"},"content":{"rendered":"<div data-elementor-type=\"wp-page\" data-elementor-id=\"47\" class=\"elementor elementor-47\" data-elementor-post-type=\"page\">\n\t\t\t\t<div class=\"elementor-element elementor-element-6fd9c5f e-flex e-con-boxed e-con e-parent\" data-id=\"6fd9c5f\" data-element_type=\"container\">\n\t\t\t\t\t<div class=\"e-con-inner\">\n\t\t\t\t<div class=\"elementor-element elementor-element-9c06903 wxp-container elementor-widget elementor-widget-html\" data-id=\"9c06903\" data-element_type=\"widget\" data-widget_type=\"html.default\">\n\t\t\t\t<div class=\"elementor-widget-container\">\n\t\t\t<style>\r\n            .page .entry-content {\r\n                max-width: 1400px;\r\n            }\r\n            .wxp-container a {\r\n                color: #4784d4 !important;\r\n            }\r\n            p {\r\n                margin:0 !important;\r\n                padding: 0 !important;\r\n            }\r\n            ul {\r\n                margin: 0;\r\n            }\r\n            li {\r\n                list-style: none !important;\r\n            }\r\n            .m-wg-ct {\r\n                background-color: transparent;\r\n                color: #000000;\r\n                padding-top: 0;\r\n                clear: both;\r\n            }\r\n            .m-theme279 {\r\n                padding: 15px 10px 10px 0;\r\n            }\r\n            .m-theme279-list {\r\n                display: inline-block;\r\n                margin-left: 24px;\r\n                margin-bottom: 10px;\r\n                _margin-left: 23px;\r\n                width: 290px;\r\n                border-radius: 2px;\r\n                vertical-align: top;\r\n            }\r\n            .m-theme279-img {\r\n                display: table;\r\n                table-layout: fixed;\r\n                height: 220px;\r\n                width: 100%;\r\n                border-radius: 2px;\r\n                padding: 2px 0;\r\n                overflow: hidden;\r\n            }\r\n            .m-theme279-img a {\r\n                display: table-cell;\r\n                width: 100%;\r\n                vertical-align: middle;\r\n                _height: 100%!important;\r\n                _font-size: 0;\r\n                border-radius: 10px;\r\n            }\r\n            .m-theme279-img > a:hover img {\r\n                transform: scale(1.05);\r\n            }\r\n            .m-theme279-img a, .m-theme279-img img {\r\n                text-align: center;\r\n                max-width: 100%;\r\n                max-height: 210px;\r\n            }\r\n            .m-theme279-img > a img {\r\n                transition: 0.5s all ease;\r\n                margin: 0 auto;\r\n            }\r\n            .m-theme279-title {\r\n                height: 30px;\r\n                line-height: 37px;\r\n                text-align: center;\r\n                color: #333333;\r\n                overflow: hidden;\r\n            }\r\n            .m-theme279-title a {\r\n                font-size: 16px;\r\n            }\r\n           <\/style>\r\n        <section class=\"wxp-service\">\r\n            <div class=\"m-default\" style=\"width:1200px;height:167px;float:left;border-style:none;border-width:1px;border-color:#eeeeee;margin-left:0px;margin-right:0px;margin-top:0px;margin-bottom:10px;padding-left:0px;padding-right:0px;padding-top:0px;padding-bottom:0px;\">\r\n                <div class=\"m-wg-ct\">\r\n                    <div class=\"m-theme28\">\r\n                        <div style=\"text-align:center;;\" data-scroll-reveal=\"enter from the top and move 200px over 1.5s\" data-scroll-reveal-id=\"1\" data-scroll-reveal-initialized=\"true\" data-scroll-reveal-complete=\"true\">\r\n                            <img decoding=\"async\" class=\"lazyload\" data-original=\"http:\/\/cdn043.yun-img.com\/static\/upload\/a00713t\/visualtoolkit\/20180426104535_72327.png\" style=\"display: inline;\" src=\"http:\/\/cdn043.yun-img.com\/static\/upload\/a00713t\/visualtoolkit\/20180426104535_72327.png\">\r\n                        <\/div>\r\n                        <div style=\"height:70px;width:1200px;text-align:center;margin-top:-68px;border-bottom:1px #d0d0d0 solid;\">\r\n                            <div data-scroll-reveal=\"enter from the bottom and move 200px over 1.5s\" data-scroll-reveal-id=\"2\" data-scroll-reveal-initialized=\"true\" data-scroll-reveal-complete=\"true\">\r\n                                <p style=\"font-size:25px;line-height: 0.8\">\r\n                                    <strong>servicio<span style=\"color:#1c59b5;\">.<\/span><\/strong>\r\n                                <\/p>\r\n                                <p style=\"font-family:Arial, Helvetica, sans-serif;text-transform:uppercase;line-height:40px;font-size: 12px;\">\r\n                                    service\r\n                                <\/p>\r\n                            <\/div>\r\n                        <\/div>\r\n                        <div style=\"text-align:center;margin-top:-10px;\">\r\n                            <img decoding=\"async\" class=\"lazyload\" data-original=\"http:\/\/cdn047.yun-img.com\/static\/upload\/a00713t\/visualtoolkit\/20180426113535_59149.png\" alt=\"\" src=\"http:\/\/cdn047.yun-img.com\/static\/upload\/a00713t\/visualtoolkit\/20180426113535_59149.png\" style=\"display: inline;\">\r\n                        <\/div>\r\n                        <div style=\"text-align:center;\">\r\n                            <span style=\"font-family:'Microsoft YaHei';font-size:13px;line-height:20px;\">\u00c1mbito de experiencia: se dedica principalmente al env\u00edo de mercanc\u00edas peligrosas en contenedor completo, env\u00edo de mercanc\u00edas peligrosas LCL, reserva de mercanc\u00edas peligrosas, despacho de aduanas, declaraci\u00f3n de peligrosidad, remolque, carga interna en el puerto, despacho de aduanas de importaci\u00f3n de mercanc\u00edas peligrosas, informe de clasificaci\u00f3n e identificaci\u00f3n, inspecci\u00f3n local de mercanc\u00edas y otras actividades.<\/span>\r\n                        <\/div>\r\n                    <\/div>\r\n                <\/div>\r\n            <\/div>\r\n            <div class=\"m-wg m-default m-default-default\" id=\"visualmodule_14\" style=\"width:1000px;height:586px;float:left;border-style:none;border-width:1px;border-color:#eeeeee;margin-left:220px;margin-right:0px;margin-top:0px;margin-bottom:10px;padding-left:0px;padding-right:0px;padding-top:0px;padding-bottom:0px;\" data-wow-duration=\"3s\" data-wow-delay=\"1\">\r\n                <style type=\"text\/css\" class=\"m-wg-ct-style\">#visualmodule_14 .m-wg-ct{font-family:inherit;background-color:transparent;}<\/style>\t<div class=\"m-wg-ct\">\r\n                <!-- \u56fe\u7247\u680f\u76ee -->\r\n                <div class=\"m-theme279\">\r\n                    <div class=\"clearing\">&nbsp;<\/div>\r\n                    <div class=\"m-theme279-list\">\r\n                        <div class=\"m-theme279-img\">\r\n                            <a href=\"https:\/\/www.szunioncargo.com\/es\/wxpxs-detail\/\">\r\n                                <img decoding=\"async\" class=\"lazyload\" src=\"\/wp-content\/uploads\/2024\/04\/wxp-12.webp\" alt=\"\u5371\u9669\u54c1\u6d77\u8fd0\u6574\u67dc\" style=\"display: block;\">\r\n                            <\/a>\r\n                        <\/div>\r\n                        <div class=\"m-theme279-title\">\r\n                            <a href=\"https:\/\/www.szunioncargo.com\/es\/wxpxs-detail\/\">Mercanc\u00edas peligrosas Flete mar\u00edtimo Contenedor completo<\/a>\r\n                        <\/div>\r\n                    <\/div>\r\n                    <div class=\"m-theme279-list\">\r\n                        <div class=\"m-theme279-img\">\r\n                            <a href=\"https:\/\/www.szunioncargo.com\/es\/wxpxs-detail\/\">\r\n                                <img decoding=\"async\" class=\"lazyload\" src=\"https:\/\/jdxt.honeyplaybox.eu\/wp-content\/uploads\/2024\/04\/fwxm-2.png\" alt=\"\u5371\u9669\u54c1\u6d77\u8fd0\u62fc\u7bb1\" style=\"display: block;\">\r\n                            <\/a>\r\n                        <\/div>\r\n                        <div class=\"m-theme279-title\">\r\n                            <a href=\"https:\/\/www.szunioncargo.com\/es\/wxpxs-detail\/\">Consolidaci\u00f3n mar\u00edtima de mercanc\u00edas peligrosas<\/a>\r\n                        <\/div>\r\n                    <\/div>\r\n                    <div class=\"m-theme279-list\">\r\n                        <div class=\"m-theme279-img\">\r\n                            <a href=\"https:\/\/www.szunioncargo.com\/es\/wxpxs-detail\/\">\r\n                                <img decoding=\"async\" class=\"lazyload\" src=\"https:\/\/jdxt.honeyplaybox.eu\/wp-content\/uploads\/2024\/04\/fwxm-3.png\" alt=\"\u5316\u5de5\u54c1\u56fd\u9645\u5feb\u9012\" style=\"display: block;\">\r\n                            <\/a>\r\n                        <\/div>\r\n                        <div class=\"m-theme279-title\">\r\n                            <a href=\"https:\/\/www.szunioncargo.com\/es\/wxpxs-detail\/\">Qu\u00edmica Internacional Express<\/a>\r\n                        <\/div>\r\n                    <\/div>\r\n                    <div class=\"m-theme279-list\">\r\n                        <div class=\"m-theme279-img\">\r\n                            <a href=\"https:\/\/www.szunioncargo.com\/es\/wxpxs-detail\/\">\r\n                                <img decoding=\"async\" class=\"lazyload\" src=\"https:\/\/jdxt.honeyplaybox.eu\/wp-content\/uploads\/2024\/04\/fwxm-4.png\" alt=\"ISO TANK \" style=\"display: block;\">\r\n                            <\/a>\r\n                        <\/div>\r\n                        <div class=\"m-theme279-title\">\r\n                            <a href=\"https:\/\/www.szunioncargo.com\/es\/wxpxs-detail\/\">ISO TANK <\/a>\r\n                        <\/div>\r\n                    <\/div>\r\n                    <div class=\"m-theme279-list\">\r\n                        <div class=\"m-theme279-img\">\r\n                            <a href=\"https:\/\/www.szunioncargo.com\/es\/wxpxs-detail\/\">\r\n                                <img decoding=\"async\" class=\"lazyload\" src=\"https:\/\/jdxt.honeyplaybox.eu\/wp-content\/uploads\/2024\/04\/fwxm-5.png\" alt=\"\u5316\u5de5\u54c1\u8fdb\u53e3\" style=\"display: block;\">\r\n                            <\/a>\r\n                        <\/div>\r\n                        <div class=\"m-theme279-title\">\r\n                            <a href=\"https:\/\/www.szunioncargo.com\/es\/wxpxs-detail\/\">Importaci\u00f3n de productos qu\u00edmicos<\/a>\r\n                        <\/div>\r\n                    <\/div>\r\n                    <div class=\"m-theme279-list\">\r\n                        <div class=\"m-theme279-img\">\r\n                            <a href=\"https:\/\/www.szunioncargo.com\/es\/wxpxs-detail\/\">\r\n                                <img decoding=\"async\" class=\"lazyload\" src=\"https:\/\/jdxt.honeyplaybox.eu\/wp-content\/uploads\/2024\/04\/fwxm-6.png\" alt=\"\u5371\u9669\u54c1\u5371\u7533\u62a5\" style=\"display: block;\">\r\n                            <\/a>\r\n                        <\/div>\r\n                        <div class=\"m-theme279-title\">\r\n                            <a href=\"https:\/\/www.szunioncargo.com\/es\/wxpxs-detail\/\">Declaraci\u00f3n de mercanc\u00edas peligrosas<\/a>\r\n                        <\/div>\r\n                    <\/div>\r\n                    <div class=\"f-clear\"><\/div>\r\n                    <div class=\"m-paginator\"><\/div>\r\n                <\/div>\r\n                <!-- \u56fe\u7247\u680f\u76ee end -->\r\n            <\/div>\r\n            <\/div>\r\n            <div class=\"m-wg m-default m-default-default\" id=\"visualmodule_15\" style=\"width:220px;height:542px;float:left;border-style:none;border-width:1px;border-color:#eeeeee;margin-left:0px;margin-right:0px;margin-top:-550px;margin-bottom:10px;padding-left:0px;padding-right:0px;padding-top:0px;padding-bottom:0px;\" data-wow-duration=\"3s\" data-wow-delay=\"1\">\r\n                <style type=\"text\/css\" class=\"m-wg-ct-style\">#visualmodule_15 .m-wg-ct{font-family:inherit;background-color:transparent;}<\/style>\t<div class=\"m-wg-ct\">\r\n                <div class=\"m-theme28\"><style>\r\n                    .hu{}\r\n                    .hu li{background-image: url(\/wp-content\/uploads\/2024\/04\/20180426140241_29617.webp);width: 220px;margin-left: 0;list-style: none;height: 45px;margin-top: 10px;\r\n                        text-align: center;line-height: 45px;font-size: 14px;}\r\n                    .hu li:hover{background:#1c59b5;color:#fff;}\r\n                <\/style>\r\n                    <div style=\"height:65px;width:220px;display:block;line-height:65px;background-color:#1c59b5;color:#fff;font-size:30px;font-weight:bold;text-align:center;\">\r\n                        Servicios\r\n                    <\/div>\r\n                    <div class=\"hu\">\r\n                        <ul>\r\n                            <a href=\"https:\/\/www.szunioncargo.com\/es\/wxpxs-detail\/\">\r\n                                <li>\r\n                                    Mercanc\u00edas peligrosas Flete mar\u00edtimo Contenedor completo\r\n                                <\/li>\r\n                            <\/a> <a href=\"https:\/\/www.szunioncargo.com\/es\/wxpxs-detail\/\">\r\n                            <li>\r\n                                Consolidaci\u00f3n mar\u00edtima de mercanc\u00edas peligrosas\r\n                            <\/li>\r\n                        <\/a> <a href=\"https:\/\/www.szunioncargo.com\/es\/wxpxs-detail\/\">\r\n                            <li>\r\n                                Qu\u00edmica Internacional Express\r\n                            <\/li>\r\n                        <\/a> <a href=\"https:\/\/www.szunioncargo.com\/es\/wxpxs-detail\/\">\r\n                            <li>\r\n                                Despacho aduanero de importaci\u00f3n de mercanc\u00edas peligrosas\r\n                            <\/li>\r\n                        <\/a> <a href=\"https:\/\/www.szunioncargo.com\/es\/wxpxs-detail\/\">\r\n                            <li>\r\n                                Importaci\u00f3n de productos qu\u00edmicos\r\n                            <\/li>\r\n                        <\/a> <a href=\"https:\/\/www.szunioncargo.com\/es\/wxpxs-detail\/\">\r\n                            <li>\r\n                                Declaraci\u00f3n de mercanc\u00edas peligrosas\r\n                            <\/li>\r\n                        <\/a>\r\n                        <\/ul>\r\n                    <\/div>\r\n                    <div style=\"height:80px;width:220px;display:block;background-color:#1c59b5;color:#fff;font-weight:bold;text-align:center;margin-top:10px;\">\r\n                        <p style=\"font-size:16px;line-height:40px;\">\r\n                            L\u00ednea de ayuda gratuita:\r\n                        <\/p>\r\n                        <p style=\"font-size:22px;line-height:40px;\">15919900579<\/p>\r\n                    <\/div><\/div>\r\n            <\/div>\r\n            <\/div>\r\n        <\/section>\t\t<\/div>\n\t\t\t\t<\/div>\n\t\t\t\t\t<\/div>\n\t\t\t\t<\/div>\n\t\t<div class=\"elementor-element elementor-element-3c76eb5 e-flex e-con-boxed e-con e-parent\" data-id=\"3c76eb5\" data-element_type=\"container\">\n\t\t\t\t\t<div class=\"e-con-inner\">\n\t\t\t\t<div class=\"elementor-element elementor-element-868cb12 elementor-skin-carousel elementor-arrows-yes elementor-pagination-type-bullets elementor-pagination-position-outside elementor-widget elementor-widget-media-carousel\" data-id=\"868cb12\" data-element_type=\"widget\" data-settings=\"{&quot;slides_per_view&quot;:&quot;6&quot;,&quot;slides_to_scroll&quot;:&quot;1&quot;,&quot;autoplay_speed&quot;:1000,&quot;lazyload&quot;:&quot;yes&quot;,&quot;skin&quot;:&quot;carousel&quot;,&quot;effect&quot;:&quot;slide&quot;,&quot;show_arrows&quot;:&quot;yes&quot;,&quot;pagination&quot;:&quot;bullets&quot;,&quot;speed&quot;:500,&quot;autoplay&quot;:&quot;yes&quot;,&quot;loop&quot;:&quot;yes&quot;,&quot;space_between&quot;:{&quot;unit&quot;:&quot;px&quot;,&quot;size&quot;:10,&quot;sizes&quot;:[]},&quot;space_between_tablet&quot;:{&quot;unit&quot;:&quot;px&quot;,&quot;size&quot;:10,&quot;sizes&quot;:[]},&quot;space_between_mobile&quot;:{&quot;unit&quot;:&quot;px&quot;,&quot;size&quot;:10,&quot;sizes&quot;:[]}}\" data-widget_type=\"media-carousel.default\">\n\t\t\t\t<div class=\"elementor-widget-container\">\n\t\t\t<link rel=\"stylesheet\" href=\"https:\/\/www.szunioncargo.com\/wp-content\/plugins\/elementor-pro\/assets\/css\/widget-carousel.min.css\">\t\t<div class=\"elementor-swiper\">\n\t\t\t<div class=\"elementor-main-swiper swiper\">\n\t\t\t\t<div class=\"swiper-wrapper\">\n\t\t\t\t\t\t\t\t\t\t\t<div class=\"swiper-slide\">\n\t\t\t\t\t\t\t\t\t<div class=\"elementor-carousel-image swiper-lazy\" role=\"img\" aria-label=\"wxp-p-7\" data-background=\"https:\/\/www.szunioncargo.com\/wp-content\/uploads\/2024\/04\/wxp-p-7.png\">\n\n\t\t\t\t\t\t\t<div class=\"swiper-lazy-preloader\"><\/div>\n\t\t\t\n\t\t\t\t\t<\/div>\n\t\t\t\t\t\t\t\t<\/div>\n\t\t\t\t\t\t\t\t\t\t\t<div class=\"swiper-slide\">\n\t\t\t\t\t\t\t\t\t<div class=\"elementor-carousel-image swiper-lazy\" role=\"img\" aria-label=\"wxp-p-6\" data-background=\"https:\/\/www.szunioncargo.com\/wp-content\/uploads\/2024\/04\/wxp-p-6.png\">\n\n\t\t\t\t\t\t\t<div class=\"swiper-lazy-preloader\"><\/div>\n\t\t\t\n\t\t\t\t\t<\/div>\n\t\t\t\t\t\t\t\t<\/div>\n\t\t\t\t\t\t\t\t\t\t\t<div class=\"swiper-slide\">\n\t\t\t\t\t\t\t\t\t<div class=\"elementor-carousel-image swiper-lazy\" role=\"img\" aria-label=\"wxp-p-5\" data-background=\"https:\/\/www.szunioncargo.com\/wp-content\/uploads\/2024\/04\/wxp-p-5.png\">\n\n\t\t\t\t\t\t\t<div class=\"swiper-lazy-preloader\"><\/div>\n\t\t\t\n\t\t\t\t\t<\/div>\n\t\t\t\t\t\t\t\t<\/div>\n\t\t\t\t\t\t\t\t\t\t\t<div class=\"swiper-slide\">\n\t\t\t\t\t\t\t\t\t<div class=\"elementor-carousel-image swiper-lazy\" role=\"img\" aria-label=\"wxp-p-4\" data-background=\"https:\/\/www.szunioncargo.com\/wp-content\/uploads\/2024\/04\/wxp-p-4.png\">\n\n\t\t\t\t\t\t\t<div class=\"swiper-lazy-preloader\"><\/div>\n\t\t\t\n\t\t\t\t\t<\/div>\n\t\t\t\t\t\t\t\t<\/div>\n\t\t\t\t\t\t\t\t\t\t\t<div class=\"swiper-slide\">\n\t\t\t\t\t\t\t\t\t<div class=\"elementor-carousel-image swiper-lazy\" role=\"img\" aria-label=\"wxp-p-3\" data-background=\"https:\/\/www.szunioncargo.com\/wp-content\/uploads\/2024\/04\/wxp-p-3.png\">\n\n\t\t\t\t\t\t\t<div class=\"swiper-lazy-preloader\"><\/div>\n\t\t\t\n\t\t\t\t\t<\/div>\n\t\t\t\t\t\t\t\t<\/div>\n\t\t\t\t\t\t\t\t\t\t\t<div class=\"swiper-slide\">\n\t\t\t\t\t\t\t\t\t<div class=\"elementor-carousel-image swiper-lazy\" role=\"img\" aria-label=\"wxp-p-2\" data-background=\"https:\/\/www.szunioncargo.com\/wp-content\/uploads\/2024\/04\/wxp-p-2.png\">\n\n\t\t\t\t\t\t\t<div class=\"swiper-lazy-preloader\"><\/div>\n\t\t\t\n\t\t\t\t\t<\/div>\n\t\t\t\t\t\t\t\t<\/div>\n\t\t\t\t\t\t\t\t\t\t\t<div class=\"swiper-slide\">\n\t\t\t\t\t\t\t\t\t<div class=\"elementor-carousel-image swiper-lazy\" role=\"img\" aria-label=\"wxp-p-1\" data-background=\"https:\/\/www.szunioncargo.com\/wp-content\/uploads\/2024\/04\/wxp-p-1.png\">\n\n\t\t\t\t\t\t\t<div class=\"swiper-lazy-preloader\"><\/div>\n\t\t\t\n\t\t\t\t\t<\/div>\n\t\t\t\t\t\t\t\t<\/div>\n\t\t\t\t\t\t\t\t\t\t\t<div class=\"swiper-slide\">\n\t\t\t\t\t\t\t\t\t<div class=\"elementor-carousel-image swiper-lazy\" role=\"img\" aria-label=\"wxp-p-8\" data-background=\"https:\/\/www.szunioncargo.com\/wp-content\/uploads\/2024\/04\/wxp-p-8.png\">\n\n\t\t\t\t\t\t\t<div class=\"swiper-lazy-preloader\"><\/div>\n\t\t\t\n\t\t\t\t\t<\/div>\n\t\t\t\t\t\t\t\t<\/div>\n\t\t\t\t\t\t\t\t\t<\/div>\n\t\t\t\t\t\t\t\t\t\t\t\t\t\t\t<div class=\"swiper-pagination\"><\/div>\n\t\t\t\t\t\t\t\t\t\t\t\t\t\t\t\t<div class=\"elementor-swiper-button elementor-swiper-button-prev\" role=\"button\" tabindex=\"0\">\n\t\t\t\t\t\t\t<svg aria-hidden=\"true\" class=\"e-font-icon-svg e-eicon-chevron-left\" viewbox=\"0 0 1000 1000\" xmlns=\"http:\/\/www.w3.org\/2000\/svg\"><path d=\"M646 125C629 125 613 133 604 142L308 442C296 454 292 471 292 487 292 504 296 521 308 533L604 854C617 867 629 875 646 875 663 875 679 871 692 858 704 846 713 829 713 812 713 796 708 779 692 767L438 487 692 225C700 217 708 204 708 187 708 171 704 154 692 142 675 129 663 125 646 125Z\"><\/path><\/svg>\t\t\t\t\t\t\t<span class=\"elementor-screen-only\">Previous<\/span>\n\t\t\t\t\t\t<\/div>\n\t\t\t\t\t\t<div class=\"elementor-swiper-button elementor-swiper-button-next\" role=\"button\" tabindex=\"0\">\n\t\t\t\t\t\t\t<svg aria-hidden=\"true\" class=\"e-font-icon-svg e-eicon-chevron-right\" viewbox=\"0 0 1000 1000\" xmlns=\"http:\/\/www.w3.org\/2000\/svg\"><path d=\"M696 533C708 521 713 504 713 487 713 471 708 454 696 446L400 146C388 133 375 125 354 125 338 125 325 129 313 142 300 154 292 171 292 187 292 204 296 221 308 233L563 492 304 771C292 783 288 800 288 817 288 833 296 850 308 863 321 871 338 875 354 875 371 875 388 867 400 854L696 533Z\"><\/path><\/svg>\t\t\t\t\t\t\t<span class=\"elementor-screen-only\">Next<\/span>\n\t\t\t\t\t\t<\/div>\n\t\t\t\t\t\t\t\t\t\t\t\t<\/div>\n\t\t<\/div>\n\t\t\t\t<\/div>\n\t\t\t\t<\/div>\n\t\t\t\t\t<\/div>\n\t\t\t\t<\/div>\n\t\t\t\t<\/div>","protected":false},"excerpt":{"rendered":"<p>\u670d\u52a1\u9879\u76ee service \u7ecf\u9a8c\u8303\u56f4\uff1a\u4e3b\u8981\u4ece\u4e8b\u5371\u9669\u54c1\u6d77\u8fd0\u6574\u67dc\u3001\u5371\u9669\u54c1\u6d77\u8fd0\u62fc\u7bb1\u3001\u5371\u9669\u54c1\u8ba2\u8231\uff0c\u62a5\u5173\uff0c\u5371\u7533\u62a5\uff0c\u62d6\u8f66\uff0c\u5185 &hellip; <\/p>\n<p class=\"link-more\"><a href=\"https:\/\/www.szunioncargo.com\/es\/wxp\/\" class=\"more-link\">Leer m\u00e1s<span class=\"screen-reader-text\"> \u00ab\u5371\u9669\u54c1\u8fd0\u8f93\u00bb<\/span><\/a><\/p>","protected":false},"author":1,"featured_media":1243,"parent":0,"menu_order":0,"comment_status":"closed","ping_status":"closed","template":"","meta":{"footnotes":""},"class_list":["post-47","page","type-page","status-publish","has-post-thumbnail","hentry"],"featured_media_urls":{"thumbnail":["https:\/\/www.szunioncargo.com\/wp-content\/uploads\/2024\/05\/wxp-banner-150x150.webp",150,150,true],"medium":["https:\/\/www.szunioncargo.com\/wp-content\/uploads\/2024\/05\/wxp-banner-300x79.webp",300,79,true],"medium_large":["https:\/\/www.szunioncargo.com\/wp-content\/uploads\/2024\/05\/wxp-banner.webp",768,202,false],"large":["https:\/\/www.szunioncargo.com\/wp-content\/uploads\/2024\/05\/wxp-banner-1024x269.webp",950,250,true],"1536x1536":["https:\/\/www.szunioncargo.com\/wp-content\/uploads\/2024\/05\/wxp-banner-1536x404.webp",1536,404,true],"2048x2048":["https:\/\/www.szunioncargo.com\/wp-content\/uploads\/2024\/05\/wxp-banner.webp",1900,500,false],"trp-custom-language-flag":["https:\/\/www.szunioncargo.com\/wp-content\/uploads\/2024\/05\/wxp-banner-18x5.webp",18,5,true],"inspiro-featured-image":["https:\/\/www.szunioncargo.com\/wp-content\/uploads\/2024\/05\/wxp-banner.webp",1900,500,false],"inspiro-loop":["https:\/\/www.szunioncargo.com\/wp-content\/uploads\/2024\/05\/wxp-banner-950x320.webp",950,320,true],"inspiro-loop@2x":["https:\/\/www.szunioncargo.com\/wp-content\/uploads\/2024\/05\/wxp-banner.webp",1900,500,false],"portfolio_item-thumbnail":["https:\/\/www.szunioncargo.com\/wp-content\/uploads\/2024\/05\/wxp-banner-600x400.webp",600,400,true],"portfolio_item-thumbnail@2x":["https:\/\/www.szunioncargo.com\/wp-content\/uploads\/2024\/05\/wxp-banner-1200x500.webp",1200,500,true],"portfolio_item-masonry":["https:\/\/www.szunioncargo.com\/wp-content\/uploads\/2024\/05\/wxp-banner-600x158.webp",600,158,true],"portfolio_item-masonry@2x":["https:\/\/www.szunioncargo.com\/wp-content\/uploads\/2024\/05\/wxp-banner-1200x316.webp",1200,316,true],"portfolio_item-thumbnail_cinema":["https:\/\/www.szunioncargo.com\/wp-content\/uploads\/2024\/05\/wxp-banner-800x335.webp",800,335,true],"portfolio_item-thumbnail_portrait":["https:\/\/www.szunioncargo.com\/wp-content\/uploads\/2024\/05\/wxp-banner-600x500.webp",600,500,true],"portfolio_item-thumbnail_portrait@2x":["https:\/\/www.szunioncargo.com\/wp-content\/uploads\/2024\/05\/wxp-banner-1200x500.webp",1200,500,true],"portfolio_item-thumbnail_square":["https:\/\/www.szunioncargo.com\/wp-content\/uploads\/2024\/05\/wxp-banner-800x500.webp",800,500,true]},"_links":{"self":[{"href":"https:\/\/www.szunioncargo.com\/es\/wp-json\/wp\/v2\/pages\/47","targetHints":{"allow":["GET"]}}],"collection":[{"href":"https:\/\/www.szunioncargo.com\/es\/wp-json\/wp\/v2\/pages"}],"about":[{"href":"https:\/\/www.szunioncargo.com\/es\/wp-json\/wp\/v2\/types\/page"}],"author":[{"embeddable":true,"href":"https:\/\/www.szunioncargo.com\/es\/wp-json\/wp\/v2\/users\/1"}],"replies":[{"embeddable":true,"href":"https:\/\/www.szunioncargo.com\/es\/wp-json\/wp\/v2\/comments?post=47"}],"version-history":[{"count":115,"href":"https:\/\/www.szunioncargo.com\/es\/wp-json\/wp\/v2\/pages\/47\/revisions"}],"predecessor-version":[{"id":1283,"href":"https:\/\/www.szunioncargo.com\/es\/wp-json\/wp\/v2\/pages\/47\/revisions\/1283"}],"wp:featuredmedia":[{"embeddable":true,"href":"https:\/\/www.szunioncargo.com\/es\/wp-json\/wp\/v2\/media\/1243"}],"wp:attachment":[{"href":"https:\/\/www.szunioncargo.com\/es\/wp-json\/wp\/v2\/media?parent=47"}],"curies":[{"name":"wp","href":"https:\/\/api.w.org\/{rel}","templated":true}]}}