{"id":58,"date":"2024-04-20T09:01:43","date_gmt":"2024-04-20T09:01:43","guid":{"rendered":"https:\/\/jdxt.honeyplaybox.eu\/?page_id=58"},"modified":"2024-05-25T07:19:04","modified_gmt":"2024-05-25T07:19:04","slug":"service-hy","status":"publish","type":"page","link":"https:\/\/www.szunioncargo.com\/es\/service-hy\/","title":{"rendered":"Transporte Mar\u00edtimo"},"content":{"rendered":"<div data-elementor-type=\"wp-page\" data-elementor-id=\"58\" class=\"elementor elementor-58\" data-elementor-post-type=\"page\">\n\t\t\t\t<div class=\"elementor-element elementor-element-5fa3205 e-flex e-con-boxed e-con e-parent\" data-id=\"5fa3205\" data-element_type=\"container\">\n\t\t\t\t\t<div class=\"e-con-inner\">\n\t\t<div class=\"elementor-element elementor-element-7472cf3 e-con-full e-flex e-con e-child\" data-id=\"7472cf3\" data-element_type=\"container\">\n\t\t\t\t<div class=\"elementor-element elementor-element-fa5f6b1 elementor-widget elementor-widget-image\" data-id=\"fa5f6b1\" data-element_type=\"widget\" data-widget_type=\"image.default\">\n\t\t\t\t<div class=\"elementor-widget-container\">\n\t\t\t<style>\/*! elementor - v3.21.0 - 18-04-2024 *\/\n.elementor-widget-image{text-align:center}.elementor-widget-image a{display:inline-block}.elementor-widget-image a img[src$=\".svg\"]{width:48px}.elementor-widget-image img{vertical-align:middle;display:inline-block}<\/style>\t\t\t\t\t\t\t\t\t\t<img fetchpriority=\"high\" decoding=\"async\" width=\"403\" height=\"522\" src=\"https:\/\/www.szunioncargo.com\/wp-content\/uploads\/2024\/05\/hy.webp\" class=\"elementor-animation-grow attachment-large size-large wp-image-1231\" alt=\"\" srcset=\"https:\/\/www.szunioncargo.com\/wp-content\/uploads\/2024\/05\/hy.webp 403w, https:\/\/www.szunioncargo.com\/wp-content\/uploads\/2024\/05\/hy-232x300.webp 232w, https:\/\/www.szunioncargo.com\/wp-content\/uploads\/2024\/05\/hy-9x12.webp 9w\" sizes=\"100vw\" \/>\t\t\t\t\t\t\t\t\t\t\t\t\t<\/div>\n\t\t\t\t<\/div>\n\t\t\t\t<\/div>\n\t\t<div class=\"elementor-element elementor-element-b8f3552 e-con-full e-flex e-con e-child\" data-id=\"b8f3552\" data-element_type=\"container\">\n\t\t\t\t<div class=\"elementor-element elementor-element-c06f1ed elementor-widget elementor-widget-text-editor\" data-id=\"c06f1ed\" data-element_type=\"widget\" data-widget_type=\"text-editor.default\">\n\t\t\t\t<div class=\"elementor-widget-container\">\n\t\t\t<style>\/*! elementor - v3.21.0 - 18-04-2024 *\/\n.elementor-widget-text-editor.elementor-drop-cap-view-stacked .elementor-drop-cap{background-color:#69727d;color:#fff}.elementor-widget-text-editor.elementor-drop-cap-view-framed .elementor-drop-cap{color:#69727d;border:3px solid;background-color:transparent}.elementor-widget-text-editor:not(.elementor-drop-cap-view-default) .elementor-drop-cap{margin-top:8px}.elementor-widget-text-editor:not(.elementor-drop-cap-view-default) .elementor-drop-cap-letter{width:1em;height:1em}.elementor-widget-text-editor .elementor-drop-cap{float:left;text-align:center;line-height:1;font-size:50px}.elementor-widget-text-editor .elementor-drop-cap-letter{display:inline-block}<\/style>\t\t\t\t<p>\u00a0El transporte mar\u00edtimo es el negocio principal de Jia De Xin Tong. Bas\u00e1ndonos en una red de servicios log\u00edsticos que abarca m\u00e1s de 100 pa\u00edses y m\u00e1s de 200 ciudades portuarias en todo el mundo, hemos establecido un s\u00f3lido sistema log\u00edstico global. Hemos establecido relaciones de colaboraci\u00f3n a largo plazo con compa\u00f1\u00edas navieras como MSK, COSCO, EMC, TSL, WHL, YML, OOCL, PIL, ONE, MCC, CMA, HPL, HMM, MSC, SITC, ZIM, IAL, RCL, entre otras. Con una red log\u00edstica global y una estrecha colaboraci\u00f3n con compa\u00f1\u00edas navieras, estamos comprometidos en proporcionar excelentes servicios de transporte mar\u00edtimo a nuestros clientes.<\/p>\t\t\t\t\t\t<\/div>\n\t\t\t\t<\/div>\n\t\t\t\t<\/div>\n\t\t\t\t\t<\/div>\n\t\t\t\t<\/div>\n\t\t<div class=\"elementor-element elementor-element-c1c20f8 e-flex e-con-boxed e-con e-parent\" data-id=\"c1c20f8\" data-element_type=\"container\">\n\t\t\t\t\t<div class=\"e-con-inner\">\n\t\t\t\t<div class=\"elementor-element elementor-element-d5309fc elementor-widget elementor-widget-heading\" data-id=\"d5309fc\" data-element_type=\"widget\" data-widget_type=\"heading.default\">\n\t\t\t\t<div class=\"elementor-widget-container\">\n\t\t\t<style>\/*! elementor - v3.21.0 - 18-04-2024 *\/\n.elementor-heading-title{padding:0;margin:0;line-height:1}.elementor-widget-heading .elementor-heading-title[class*=elementor-size-]>a{color:inherit;font-size:inherit;line-height:inherit}.elementor-widget-heading .elementor-heading-title.elementor-size-small{font-size:15px}.elementor-widget-heading .elementor-heading-title.elementor-size-medium{font-size:19px}.elementor-widget-heading .elementor-heading-title.elementor-size-large{font-size:29px}.elementor-widget-heading .elementor-heading-title.elementor-size-xl{font-size:39px}.elementor-widget-heading .elementor-heading-title.elementor-size-xxl{font-size:59px}<\/style><h1 class=\"elementor-heading-title elementor-size-default\">Servicios<\/h1>\t\t<\/div>\n\t\t\t\t<\/div>\n\t\t\t\t\t<\/div>\n\t\t\t\t<\/div>\n\t\t<div class=\"elementor-element elementor-element-1b31e6b e-flex e-con-boxed e-con e-parent\" data-id=\"1b31e6b\" data-element_type=\"container\">\n\t\t\t\t\t<div class=\"e-con-inner\">\n\t\t<div class=\"elementor-element elementor-element-bc1aed9 e-con-full e-flex e-con e-child\" data-id=\"bc1aed9\" data-element_type=\"container\">\n\t\t<div class=\"elementor-element elementor-element-99c0a42 e-flex e-con-boxed e-con e-child\" data-id=\"99c0a42\" data-element_type=\"container\" data-settings=\"{&quot;background_background&quot;:&quot;classic&quot;}\">\n\t\t\t\t\t<div class=\"e-con-inner\">\n\t\t\t\t<div class=\"elementor-element elementor-element-280ba15 elementor-widget elementor-widget-image\" data-id=\"280ba15\" data-element_type=\"widget\" data-widget_type=\"image.default\">\n\t\t\t\t<div class=\"elementor-widget-container\">\n\t\t\t\t\t\t\t\t\t\t\t\t\t<img decoding=\"async\" width=\"80\" height=\"80\" src=\"https:\/\/www.szunioncargo.com\/wp-content\/uploads\/2024\/04\/hy-icon-6.png\" class=\"attachment-medium_large size-medium_large wp-image-176\" alt=\"\" srcset=\"https:\/\/www.szunioncargo.com\/wp-content\/uploads\/2024\/04\/hy-icon-6.png 80w, https:\/\/www.szunioncargo.com\/wp-content\/uploads\/2024\/04\/hy-icon-6-12x12.png 12w\" sizes=\"100vw\" \/>\t\t\t\t\t\t\t\t\t\t\t\t\t<\/div>\n\t\t\t\t<\/div>\n\t\t\t\t<div class=\"elementor-element elementor-element-69da69b elementor-widget elementor-widget-text-editor\" data-id=\"69da69b\" data-element_type=\"widget\" data-widget_type=\"text-editor.default\">\n\t\t\t\t<div class=\"elementor-widget-container\">\n\t\t\t\t\t\t\t<p>Carga de Contenedor Completo<\/p>\t\t\t\t\t\t<\/div>\n\t\t\t\t<\/div>\n\t\t\t\t\t<\/div>\n\t\t\t\t<\/div>\n\t\t\t\t<\/div>\n\t\t<div class=\"elementor-element elementor-element-c29374c e-con-full e-flex e-con e-child\" data-id=\"c29374c\" data-element_type=\"container\">\n\t\t<div class=\"elementor-element elementor-element-5bc224b e-flex e-con-boxed e-con e-child\" data-id=\"5bc224b\" data-element_type=\"container\" data-settings=\"{&quot;background_background&quot;:&quot;classic&quot;}\">\n\t\t\t\t\t<div class=\"e-con-inner\">\n\t\t\t\t<div class=\"elementor-element elementor-element-18d4255 elementor-widget elementor-widget-image\" data-id=\"18d4255\" data-element_type=\"widget\" data-widget_type=\"image.default\">\n\t\t\t\t<div class=\"elementor-widget-container\">\n\t\t\t\t\t\t\t\t\t\t\t\t\t<img decoding=\"async\" width=\"80\" height=\"80\" src=\"https:\/\/www.szunioncargo.com\/wp-content\/uploads\/2024\/04\/hy-icon-2.png\" class=\"attachment-medium_large size-medium_large wp-image-173\" alt=\"\" srcset=\"https:\/\/www.szunioncargo.com\/wp-content\/uploads\/2024\/04\/hy-icon-2.png 80w, https:\/\/www.szunioncargo.com\/wp-content\/uploads\/2024\/04\/hy-icon-2-12x12.png 12w\" sizes=\"100vw\" \/>\t\t\t\t\t\t\t\t\t\t\t\t\t<\/div>\n\t\t\t\t<\/div>\n\t\t\t\t<div class=\"elementor-element elementor-element-cf9d787 elementor-widget elementor-widget-text-editor\" data-id=\"cf9d787\" data-element_type=\"widget\" data-widget_type=\"text-editor.default\">\n\t\t\t\t<div class=\"elementor-widget-container\">\n\t\t\t\t\t\t\t<p>Carga Menos que un Contenedor Completo<\/p>\t\t\t\t\t\t<\/div>\n\t\t\t\t<\/div>\n\t\t\t\t\t<\/div>\n\t\t\t\t<\/div>\n\t\t\t\t<\/div>\n\t\t<div class=\"elementor-element elementor-element-078898f e-con-full e-flex e-con e-child\" data-id=\"078898f\" data-element_type=\"container\">\n\t\t<div class=\"elementor-element elementor-element-00beb3d e-flex e-con-boxed e-con e-child\" data-id=\"00beb3d\" data-element_type=\"container\" data-settings=\"{&quot;background_background&quot;:&quot;classic&quot;}\">\n\t\t\t\t\t<div class=\"e-con-inner\">\n\t\t\t\t<div class=\"elementor-element elementor-element-6134a0c elementor-widget elementor-widget-image\" data-id=\"6134a0c\" data-element_type=\"widget\" data-widget_type=\"image.default\">\n\t\t\t\t<div class=\"elementor-widget-container\">\n\t\t\t\t\t\t\t\t\t\t\t\t\t<img loading=\"lazy\" decoding=\"async\" width=\"80\" height=\"80\" src=\"https:\/\/www.szunioncargo.com\/wp-content\/uploads\/2024\/04\/hy-icon-3.png\" class=\"attachment-medium_large size-medium_large wp-image-174\" alt=\"\" srcset=\"https:\/\/www.szunioncargo.com\/wp-content\/uploads\/2024\/04\/hy-icon-3.png 80w, https:\/\/www.szunioncargo.com\/wp-content\/uploads\/2024\/04\/hy-icon-3-12x12.png 12w\" sizes=\"100vw\" \/>\t\t\t\t\t\t\t\t\t\t\t\t\t<\/div>\n\t\t\t\t<\/div>\n\t\t\t\t<div class=\"elementor-element elementor-element-f5cfc72 elementor-widget elementor-widget-text-editor\" data-id=\"f5cfc72\" data-element_type=\"widget\" data-widget_type=\"text-editor.default\">\n\t\t\t\t<div class=\"elementor-widget-container\">\n\t\t\t\t\t\t\t<p>Servicio Puerta a Puerta<\/p>\t\t\t\t\t\t<\/div>\n\t\t\t\t<\/div>\n\t\t\t\t\t<\/div>\n\t\t\t\t<\/div>\n\t\t\t\t<\/div>\n\t\t<div class=\"elementor-element elementor-element-508da8a e-con-full e-flex e-con e-child\" data-id=\"508da8a\" data-element_type=\"container\">\n\t\t<div class=\"elementor-element elementor-element-10b0e96 e-flex e-con-boxed e-con e-child\" data-id=\"10b0e96\" data-element_type=\"container\" data-settings=\"{&quot;background_background&quot;:&quot;classic&quot;}\">\n\t\t\t\t\t<div class=\"e-con-inner\">\n\t\t\t\t<div class=\"elementor-element elementor-element-556e342 elementor-widget elementor-widget-image\" data-id=\"556e342\" data-element_type=\"widget\" data-widget_type=\"image.default\">\n\t\t\t\t<div class=\"elementor-widget-container\">\n\t\t\t\t\t\t\t\t\t\t\t\t\t<img loading=\"lazy\" decoding=\"async\" width=\"80\" height=\"80\" src=\"https:\/\/www.szunioncargo.com\/wp-content\/uploads\/2024\/04\/hy-icon-4.png\" class=\"attachment-medium_large size-medium_large wp-image-175\" alt=\"\" srcset=\"https:\/\/www.szunioncargo.com\/wp-content\/uploads\/2024\/04\/hy-icon-4.png 80w, https:\/\/www.szunioncargo.com\/wp-content\/uploads\/2024\/04\/hy-icon-4-12x12.png 12w\" sizes=\"100vw\" \/>\t\t\t\t\t\t\t\t\t\t\t\t\t<\/div>\n\t\t\t\t<\/div>\n\t\t\t\t<div class=\"elementor-element elementor-element-959a01a elementor-widget elementor-widget-text-editor\" data-id=\"959a01a\" data-element_type=\"widget\" data-widget_type=\"text-editor.default\">\n\t\t\t\t<div class=\"elementor-widget-container\">\n\t\t\t\t\t\t\t<p>Mercanc\u00edas Peligrosas y Contenedores Especiales<\/p>\t\t\t\t\t\t<\/div>\n\t\t\t\t<\/div>\n\t\t\t\t\t<\/div>\n\t\t\t\t<\/div>\n\t\t\t\t<\/div>\n\t\t<div class=\"elementor-element elementor-element-f1732ef e-con-full e-flex e-con e-child\" data-id=\"f1732ef\" data-element_type=\"container\">\n\t\t<div class=\"elementor-element elementor-element-f0fcc4b e-flex e-con-boxed e-con e-child\" data-id=\"f0fcc4b\" data-element_type=\"container\" data-settings=\"{&quot;background_background&quot;:&quot;classic&quot;}\">\n\t\t\t\t\t<div class=\"e-con-inner\">\n\t\t\t\t<div class=\"elementor-element elementor-element-3cb8a67 elementor-widget elementor-widget-image\" data-id=\"3cb8a67\" data-element_type=\"widget\" data-widget_type=\"image.default\">\n\t\t\t\t<div class=\"elementor-widget-container\">\n\t\t\t\t\t\t\t\t\t\t\t\t\t<img loading=\"lazy\" decoding=\"async\" width=\"80\" height=\"80\" src=\"https:\/\/www.szunioncargo.com\/wp-content\/uploads\/2024\/04\/hy-icon-5.png\" class=\"attachment-medium_large size-medium_large wp-image-172\" alt=\"\" srcset=\"https:\/\/www.szunioncargo.com\/wp-content\/uploads\/2024\/04\/hy-icon-5.png 80w, https:\/\/www.szunioncargo.com\/wp-content\/uploads\/2024\/04\/hy-icon-5-12x12.png 12w\" sizes=\"100vw\" \/>\t\t\t\t\t\t\t\t\t\t\t\t\t<\/div>\n\t\t\t\t<\/div>\n\t\t\t\t<div class=\"elementor-element elementor-element-e448425 elementor-widget elementor-widget-text-editor\" data-id=\"e448425\" data-element_type=\"widget\" data-widget_type=\"text-editor.default\">\n\t\t\t\t<div class=\"elementor-widget-container\">\n\t\t\t\t\t\t\t<p>Transporte de Contenedores y Almacenamiento<\/p>\t\t\t\t\t\t<\/div>\n\t\t\t\t<\/div>\n\t\t\t\t\t<\/div>\n\t\t\t\t<\/div>\n\t\t\t\t<\/div>\n\t\t\t\t\t<\/div>\n\t\t\t\t<\/div>\n\t\t\t\t<\/div>","protected":false},"excerpt":{"rendered":"<p>\u00a0\u6d77\u8fd0\u662f\u5609\u5fb7\u4fe1\u901a\u7684\u6838\u5fc3\u4e1a\u52a1\uff0c\u6211\u4eec\u4ee5\u8986\u76d6\u5168\u7403100\u591a\u4e2a\u56fd\u5bb6\u3001200\u591a\u4e2a\u6e2f\u53e3\u57ce\u5e02\u7684\u7269\u6d41\u670d\u52a1\u7f51\u7edc\u4e3a\u57fa\u7840\uff0c\u5efa\u7acb\u4e86\u5f3a\u5927\u7684 &hellip; <\/p>\n<p class=\"link-more\"><a href=\"https:\/\/www.szunioncargo.com\/es\/service-hy\/\" class=\"more-link\">Leer m\u00e1s<span class=\"screen-reader-text\"> \u00ab\u6d77\u8fd0\u00bb<\/span><\/a><\/p>","protected":false},"author":1,"featured_media":1219,"parent":0,"menu_order":0,"comment_status":"closed","ping_status":"closed","template":"","meta":{"footnotes":""},"class_list":["post-58","page","type-page","status-publish","has-post-thumbnail","hentry"],"featured_media_urls":{"thumbnail":["https:\/\/www.szunioncargo.com\/wp-content\/uploads\/2024\/05\/HGServiceHY-150x150.webp",150,150,true],"medium":["https:\/\/www.szunioncargo.com\/wp-content\/uploads\/2024\/05\/HGServiceHY-300x79.webp",300,79,true],"medium_large":["https:\/\/www.szunioncargo.com\/wp-content\/uploads\/2024\/05\/HGServiceHY.webp",768,202,false],"large":["https:\/\/www.szunioncargo.com\/wp-content\/uploads\/2024\/05\/HGServiceHY-1024x269.webp",950,250,true],"1536x1536":["https:\/\/www.szunioncargo.com\/wp-content\/uploads\/2024\/05\/HGServiceHY-1536x404.webp",1536,404,true],"2048x2048":["https:\/\/www.szunioncargo.com\/wp-content\/uploads\/2024\/05\/HGServiceHY.webp",1900,500,false],"trp-custom-language-flag":["https:\/\/www.szunioncargo.com\/wp-content\/uploads\/2024\/05\/HGServiceHY-18x5.webp",18,5,true],"inspiro-featured-image":["https:\/\/www.szunioncargo.com\/wp-content\/uploads\/2024\/05\/HGServiceHY.webp",1900,500,false],"inspiro-loop":["https:\/\/www.szunioncargo.com\/wp-content\/uploads\/2024\/05\/HGServiceHY-950x320.webp",950,320,true],"inspiro-loop@2x":["https:\/\/www.szunioncargo.com\/wp-content\/uploads\/2024\/05\/HGServiceHY.webp",1900,500,false],"portfolio_item-thumbnail":["https:\/\/www.szunioncargo.com\/wp-content\/uploads\/2024\/05\/HGServiceHY-600x400.webp",600,400,true],"portfolio_item-thumbnail@2x":["https:\/\/www.szunioncargo.com\/wp-content\/uploads\/2024\/05\/HGServiceHY-1200x500.webp",1200,500,true],"portfolio_item-masonry":["https:\/\/www.szunioncargo.com\/wp-content\/uploads\/2024\/05\/HGServiceHY-600x158.webp",600,158,true],"portfolio_item-masonry@2x":["https:\/\/www.szunioncargo.com\/wp-content\/uploads\/2024\/05\/HGServiceHY-1200x316.webp",1200,316,true],"portfolio_item-thumbnail_cinema":["https:\/\/www.szunioncargo.com\/wp-content\/uploads\/2024\/05\/HGServiceHY-800x335.webp",800,335,true],"portfolio_item-thumbnail_portrait":["https:\/\/www.szunioncargo.com\/wp-content\/uploads\/2024\/05\/HGServiceHY-600x500.webp",600,500,true],"portfolio_item-thumbnail_portrait@2x":["https:\/\/www.szunioncargo.com\/wp-content\/uploads\/2024\/05\/HGServiceHY-1200x500.webp",1200,500,true],"portfolio_item-thumbnail_square":["https:\/\/www.szunioncargo.com\/wp-content\/uploads\/2024\/05\/HGServiceHY-800x500.webp",800,500,true]},"_links":{"self":[{"href":"https:\/\/www.szunioncargo.com\/es\/wp-json\/wp\/v2\/pages\/58","targetHints":{"allow":["GET"]}}],"collection":[{"href":"https:\/\/www.szunioncargo.com\/es\/wp-json\/wp\/v2\/pages"}],"about":[{"href":"https:\/\/www.szunioncargo.com\/es\/wp-json\/wp\/v2\/types\/page"}],"author":[{"embeddable":true,"href":"https:\/\/www.szunioncargo.com\/es\/wp-json\/wp\/v2\/users\/1"}],"replies":[{"embeddable":true,"href":"https:\/\/www.szunioncargo.com\/es\/wp-json\/wp\/v2\/comments?post=58"}],"version-history":[{"count":103,"href":"https:\/\/www.szunioncargo.com\/es\/wp-json\/wp\/v2\/pages\/58\/revisions"}],"predecessor-version":[{"id":1234,"href":"https:\/\/www.szunioncargo.com\/es\/wp-json\/wp\/v2\/pages\/58\/revisions\/1234"}],"wp:featuredmedia":[{"embeddable":true,"href":"https:\/\/www.szunioncargo.com\/es\/wp-json\/wp\/v2\/media\/1219"}],"wp:attachment":[{"href":"https:\/\/www.szunioncargo.com\/es\/wp-json\/wp\/v2\/media?parent=58"}],"curies":[{"name":"wp","href":"https:\/\/api.w.org\/{rel}","templated":true}]}}