{"id":62,"date":"2024-04-20T09:02:01","date_gmt":"2024-04-20T09:02:01","guid":{"rendered":"https:\/\/jdxt.honeyplaybox.eu\/?page_id=62"},"modified":"2024-05-27T01:36:23","modified_gmt":"2024-05-27T01:36:23","slug":"service-ly","status":"publish","type":"page","link":"https:\/\/www.szunioncargo.com\/es\/service-ly\/","title":{"rendered":"Transporte Terrestre"},"content":{"rendered":"<div data-elementor-type=\"wp-page\" data-elementor-id=\"62\" class=\"elementor elementor-62\" data-elementor-post-type=\"page\">\n\t\t\t\t<div class=\"elementor-element elementor-element-b9371bf e-flex e-con-boxed e-con e-parent\" data-id=\"b9371bf\" data-element_type=\"container\">\n\t\t\t\t\t<div class=\"e-con-inner\">\n\t\t<div class=\"elementor-element elementor-element-3144ccf5 e-con-full e-flex e-con e-child\" data-id=\"3144ccf5\" data-element_type=\"container\">\n\t\t\t\t<div class=\"elementor-element elementor-element-3b08163a elementor-widget elementor-widget-image\" data-id=\"3b08163a\" data-element_type=\"widget\" data-widget_type=\"image.default\">\n\t\t\t\t<div class=\"elementor-widget-container\">\n\t\t\t<style>\/*! elementor - v3.21.0 - 18-04-2024 *\/\n.elementor-widget-image{text-align:center}.elementor-widget-image a{display:inline-block}.elementor-widget-image a img[src$=\".svg\"]{width:48px}.elementor-widget-image img{vertical-align:middle;display:inline-block}<\/style>\t\t\t\t\t\t\t\t\t\t<img fetchpriority=\"high\" decoding=\"async\" width=\"469\" height=\"289\" src=\"https:\/\/www.szunioncargo.com\/wp-content\/uploads\/2024\/04\/ly-4.webp\" class=\"elementor-animation-grow attachment-large size-large wp-image-553\" alt=\"\" srcset=\"https:\/\/www.szunioncargo.com\/wp-content\/uploads\/2024\/04\/ly-4.webp 469w, https:\/\/www.szunioncargo.com\/wp-content\/uploads\/2024\/04\/ly-4-300x185.webp 300w, https:\/\/www.szunioncargo.com\/wp-content\/uploads\/2024\/04\/ly-4-18x12.webp 18w\" sizes=\"100vw\" \/>\t\t\t\t\t\t\t\t\t\t\t\t\t<\/div>\n\t\t\t\t<\/div>\n\t\t\t\t<\/div>\n\t\t<div class=\"elementor-element elementor-element-1898e32d e-con-full e-flex e-con e-child\" data-id=\"1898e32d\" data-element_type=\"container\">\n\t\t\t\t<div class=\"elementor-element elementor-element-485f6199 elementor-widget elementor-widget-text-editor\" data-id=\"485f6199\" data-element_type=\"widget\" data-widget_type=\"text-editor.default\">\n\t\t\t\t<div class=\"elementor-widget-container\">\n\t\t\t<style>\/*! elementor - v3.21.0 - 18-04-2024 *\/\n.elementor-widget-text-editor.elementor-drop-cap-view-stacked .elementor-drop-cap{background-color:#69727d;color:#fff}.elementor-widget-text-editor.elementor-drop-cap-view-framed .elementor-drop-cap{color:#69727d;border:3px solid;background-color:transparent}.elementor-widget-text-editor:not(.elementor-drop-cap-view-default) .elementor-drop-cap{margin-top:8px}.elementor-widget-text-editor:not(.elementor-drop-cap-view-default) .elementor-drop-cap-letter{width:1em;height:1em}.elementor-widget-text-editor .elementor-drop-cap{float:left;text-align:center;line-height:1;font-size:50px}.elementor-widget-text-editor .elementor-drop-cap-letter{display:inline-block}<\/style>\t\t\t\t<p>Jia De Xin Tong ofrece servicios de transporte desde los principales puertos costeros de China a diversos destinos en todo el pa\u00eds. Con m\u00e1s de diez empresas de transporte de alta calidad y cooperaci\u00f3n a largo plazo, ofrecemos servicios para contenedores, cargas fraccionadas, camiones supervisados por aduanas, entre otros.<\/p>\t\t\t\t\t\t<\/div>\n\t\t\t\t<\/div>\n\t\t\t\t<\/div>\n\t\t\t\t\t<\/div>\n\t\t\t\t<\/div>\n\t\t<div class=\"elementor-element elementor-element-41a3cf26 e-flex e-con-boxed e-con e-parent\" data-id=\"41a3cf26\" data-element_type=\"container\">\n\t\t\t\t\t<div class=\"e-con-inner\">\n\t\t\t\t<div class=\"elementor-element elementor-element-4c6e32e6 elementor-widget elementor-widget-heading\" data-id=\"4c6e32e6\" data-element_type=\"widget\" data-widget_type=\"heading.default\">\n\t\t\t\t<div class=\"elementor-widget-container\">\n\t\t\t<style>\/*! elementor - v3.21.0 - 18-04-2024 *\/\n.elementor-heading-title{padding:0;margin:0;line-height:1}.elementor-widget-heading .elementor-heading-title[class*=elementor-size-]>a{color:inherit;font-size:inherit;line-height:inherit}.elementor-widget-heading .elementor-heading-title.elementor-size-small{font-size:15px}.elementor-widget-heading .elementor-heading-title.elementor-size-medium{font-size:19px}.elementor-widget-heading .elementor-heading-title.elementor-size-large{font-size:29px}.elementor-widget-heading .elementor-heading-title.elementor-size-xl{font-size:39px}.elementor-widget-heading .elementor-heading-title.elementor-size-xxl{font-size:59px}<\/style><h1 class=\"elementor-heading-title elementor-size-default\">Servicios<\/h1>\t\t<\/div>\n\t\t\t\t<\/div>\n\t\t\t\t\t<\/div>\n\t\t\t\t<\/div>\n\t\t<div class=\"elementor-element elementor-element-69f89f54 e-flex e-con-boxed e-con e-parent\" data-id=\"69f89f54\" data-element_type=\"container\" id=\"ly-container\">\n\t\t\t\t\t<div class=\"e-con-inner\">\n\t\t<div class=\"elementor-element elementor-element-3935606a e-con-full e-flex e-con e-child\" data-id=\"3935606a\" data-element_type=\"container\">\n\t\t<div class=\"elementor-element elementor-element-42b5ca42 e-flex e-con-boxed e-con e-child\" data-id=\"42b5ca42\" data-element_type=\"container\" data-settings=\"{&quot;background_background&quot;:&quot;classic&quot;}\">\n\t\t\t\t\t<div class=\"e-con-inner\">\n\t\t\t\t<div class=\"elementor-element elementor-element-54ac228f elementor-widget elementor-widget-image\" data-id=\"54ac228f\" data-element_type=\"widget\" data-widget_type=\"image.default\">\n\t\t\t\t<div class=\"elementor-widget-container\">\n\t\t\t\t\t\t\t\t\t\t\t\t\t<img decoding=\"async\" width=\"120\" height=\"53\" src=\"https:\/\/www.szunioncargo.com\/wp-content\/uploads\/2024\/04\/ly-1.png\" class=\"attachment-medium_large size-medium_large wp-image-418\" alt=\"\" srcset=\"https:\/\/www.szunioncargo.com\/wp-content\/uploads\/2024\/04\/ly-1.png 120w, https:\/\/www.szunioncargo.com\/wp-content\/uploads\/2024\/04\/ly-1-18x8.png 18w\" sizes=\"100vw\" \/>\t\t\t\t\t\t\t\t\t\t\t\t\t<\/div>\n\t\t\t\t<\/div>\n\t\t\t\t<div class=\"elementor-element elementor-element-303ecda9 elementor-widget elementor-widget-text-editor\" data-id=\"303ecda9\" data-element_type=\"widget\" data-widget_type=\"text-editor.default\">\n\t\t\t\t<div class=\"elementor-widget-container\">\n\t\t\t\t\t\t\t<p>Transporte de Contenedores<\/p>\t\t\t\t\t\t<\/div>\n\t\t\t\t<\/div>\n\t\t\t\t\t<\/div>\n\t\t\t\t<\/div>\n\t\t\t\t<\/div>\n\t\t<div class=\"elementor-element elementor-element-21e2f744 e-con-full e-flex e-con e-child\" data-id=\"21e2f744\" data-element_type=\"container\">\n\t\t<div class=\"elementor-element elementor-element-2cdd5af6 e-flex e-con-boxed e-con e-child\" data-id=\"2cdd5af6\" data-element_type=\"container\" data-settings=\"{&quot;background_background&quot;:&quot;classic&quot;}\">\n\t\t\t\t\t<div class=\"e-con-inner\">\n\t\t\t\t<div class=\"elementor-element elementor-element-46fe9511 elementor-widget elementor-widget-image\" data-id=\"46fe9511\" data-element_type=\"widget\" data-widget_type=\"image.default\">\n\t\t\t\t<div class=\"elementor-widget-container\">\n\t\t\t\t\t\t\t\t\t\t\t\t\t<img decoding=\"async\" width=\"80\" height=\"80\" src=\"https:\/\/www.szunioncargo.com\/wp-content\/uploads\/2024\/04\/ly-2.png\" class=\"attachment-medium_large size-medium_large wp-image-419\" alt=\"\" srcset=\"https:\/\/www.szunioncargo.com\/wp-content\/uploads\/2024\/04\/ly-2.png 80w, https:\/\/www.szunioncargo.com\/wp-content\/uploads\/2024\/04\/ly-2-12x12.png 12w\" sizes=\"100vw\" \/>\t\t\t\t\t\t\t\t\t\t\t\t\t<\/div>\n\t\t\t\t<\/div>\n\t\t\t\t<div class=\"elementor-element elementor-element-318f48d2 elementor-widget elementor-widget-text-editor\" data-id=\"318f48d2\" data-element_type=\"widget\" data-widget_type=\"text-editor.default\">\n\t\t\t\t<div class=\"elementor-widget-container\">\n\t\t\t\t\t\t\t<p>Transporte en Cami\u00f3n Toneladas<\/p>\t\t\t\t\t\t<\/div>\n\t\t\t\t<\/div>\n\t\t\t\t\t<\/div>\n\t\t\t\t<\/div>\n\t\t\t\t<\/div>\n\t\t\t\t\t<\/div>\n\t\t\t\t<\/div>\n\t\t\t\t<\/div>","protected":false},"excerpt":{"rendered":"<p>\u5609\u5fb7\u4fe1\u901a\u63d0\u4f9b\u4ece\u4e2d\u56fd\u6cbf\u6d77\u5404\u4e3b\u8981\u6e2f\u53e3\u5230\u56fd\u5185\u5404\u5730\u7684\u8fd0\u8f93\u670d\u52a1\uff0c\u62e5\u6709\u4f18\u8d28\u7684\u957f\u671f\u5408\u4f5c\u8fd0\u8f93\u4f01\u4e1a\u5341\u4f59\u5bb6\uff0c\u53ef\u4e3a\u60a8\u63d0\u4f9b\u96c6\u88c5\u7bb1\u3001\u96f6\u62c5 &hellip; <\/p>\n<p class=\"link-more\"><a href=\"https:\/\/www.szunioncargo.com\/es\/service-ly\/\" class=\"more-link\">Leer m\u00e1s<span class=\"screen-reader-text\"> \u00ab\u9646\u8fd0\u00bb<\/span><\/a><\/p>","protected":false},"author":1,"featured_media":1300,"parent":0,"menu_order":0,"comment_status":"closed","ping_status":"closed","template":"","meta":{"footnotes":""},"class_list":["post-62","page","type-page","status-publish","has-post-thumbnail","hentry"],"featured_media_urls":{"thumbnail":["https:\/\/www.szunioncargo.com\/wp-content\/uploads\/2024\/05\/ly-banner-150x150.webp",150,150,true],"medium":["https:\/\/www.szunioncargo.com\/wp-content\/uploads\/2024\/05\/ly-banner-300x65.webp",300,65,true],"medium_large":["https:\/\/www.szunioncargo.com\/wp-content\/uploads\/2024\/05\/ly-banner.webp",768,166,false],"large":["https:\/\/www.szunioncargo.com\/wp-content\/uploads\/2024\/05\/ly-banner-1024x221.webp",950,205,true],"1536x1536":["https:\/\/www.szunioncargo.com\/wp-content\/uploads\/2024\/05\/ly-banner-1536x331.webp",1536,331,true],"2048x2048":["https:\/\/www.szunioncargo.com\/wp-content\/uploads\/2024\/05\/ly-banner.webp",1670,360,false],"trp-custom-language-flag":["https:\/\/www.szunioncargo.com\/wp-content\/uploads\/2024\/05\/ly-banner-18x4.webp",18,4,true],"inspiro-featured-image":["https:\/\/www.szunioncargo.com\/wp-content\/uploads\/2024\/05\/ly-banner.webp",1670,360,false],"inspiro-loop":["https:\/\/www.szunioncargo.com\/wp-content\/uploads\/2024\/05\/ly-banner-950x320.webp",950,320,true],"inspiro-loop@2x":["https:\/\/www.szunioncargo.com\/wp-content\/uploads\/2024\/05\/ly-banner.webp",1670,360,false],"portfolio_item-thumbnail":["https:\/\/www.szunioncargo.com\/wp-content\/uploads\/2024\/05\/ly-banner-600x360.webp",600,360,true],"portfolio_item-thumbnail@2x":["https:\/\/www.szunioncargo.com\/wp-content\/uploads\/2024\/05\/ly-banner-1200x360.webp",1200,360,true],"portfolio_item-masonry":["https:\/\/www.szunioncargo.com\/wp-content\/uploads\/2024\/05\/ly-banner-600x129.webp",600,129,true],"portfolio_item-masonry@2x":["https:\/\/www.szunioncargo.com\/wp-content\/uploads\/2024\/05\/ly-banner-1200x259.webp",1200,259,true],"portfolio_item-thumbnail_cinema":["https:\/\/www.szunioncargo.com\/wp-content\/uploads\/2024\/05\/ly-banner-800x335.webp",800,335,true],"portfolio_item-thumbnail_portrait":["https:\/\/www.szunioncargo.com\/wp-content\/uploads\/2024\/05\/ly-banner-600x360.webp",600,360,true],"portfolio_item-thumbnail_portrait@2x":["https:\/\/www.szunioncargo.com\/wp-content\/uploads\/2024\/05\/ly-banner-1200x360.webp",1200,360,true],"portfolio_item-thumbnail_square":["https:\/\/www.szunioncargo.com\/wp-content\/uploads\/2024\/05\/ly-banner-800x360.webp",800,360,true]},"_links":{"self":[{"href":"https:\/\/www.szunioncargo.com\/es\/wp-json\/wp\/v2\/pages\/62","targetHints":{"allow":["GET"]}}],"collection":[{"href":"https:\/\/www.szunioncargo.com\/es\/wp-json\/wp\/v2\/pages"}],"about":[{"href":"https:\/\/www.szunioncargo.com\/es\/wp-json\/wp\/v2\/types\/page"}],"author":[{"embeddable":true,"href":"https:\/\/www.szunioncargo.com\/es\/wp-json\/wp\/v2\/users\/1"}],"replies":[{"embeddable":true,"href":"https:\/\/www.szunioncargo.com\/es\/wp-json\/wp\/v2\/comments?post=62"}],"version-history":[{"count":28,"href":"https:\/\/www.szunioncargo.com\/es\/wp-json\/wp\/v2\/pages\/62\/revisions"}],"predecessor-version":[{"id":1303,"href":"https:\/\/www.szunioncargo.com\/es\/wp-json\/wp\/v2\/pages\/62\/revisions\/1303"}],"wp:featuredmedia":[{"embeddable":true,"href":"https:\/\/www.szunioncargo.com\/es\/wp-json\/wp\/v2\/media\/1300"}],"wp:attachment":[{"href":"https:\/\/www.szunioncargo.com\/es\/wp-json\/wp\/v2\/media?parent=62"}],"curies":[{"name":"wp","href":"https:\/\/api.w.org\/{rel}","templated":true}]}}