{"id":66,"date":"2024-04-20T09:02:27","date_gmt":"2024-04-20T09:02:27","guid":{"rendered":"https:\/\/jdxt.honeyplaybox.eu\/?page_id=66"},"modified":"2024-05-25T07:32:38","modified_gmt":"2024-05-25T07:32:38","slug":"service-wxp","status":"publish","type":"page","link":"https:\/\/www.szunioncargo.com\/es\/service-wxp\/","title":{"rendered":"Transporte de Mercanc\u00edas Peligrosas y Especiales"},"content":{"rendered":"<div data-elementor-type=\"wp-page\" data-elementor-id=\"66\" class=\"elementor elementor-66\" data-elementor-post-type=\"page\">\n\t\t\t\t<div class=\"elementor-element elementor-element-29d92080 e-flex e-con-boxed e-con e-parent\" data-id=\"29d92080\" data-element_type=\"container\">\n\t\t\t\t\t<div class=\"e-con-inner\">\n\t\t<div class=\"elementor-element elementor-element-33c55365 e-con-full e-flex e-con e-child\" data-id=\"33c55365\" data-element_type=\"container\">\n\t\t\t\t<div class=\"elementor-element elementor-element-1ba77816 elementor-widget elementor-widget-image\" data-id=\"1ba77816\" data-element_type=\"widget\" data-widget_type=\"image.default\">\n\t\t\t\t<div class=\"elementor-widget-container\">\n\t\t\t<style>\/*! elementor - v3.21.0 - 18-04-2024 *\/\n.elementor-widget-image{text-align:center}.elementor-widget-image a{display:inline-block}.elementor-widget-image a img[src$=\".svg\"]{width:48px}.elementor-widget-image img{vertical-align:middle;display:inline-block}<\/style>\t\t\t\t\t\t\t\t\t\t<img fetchpriority=\"high\" decoding=\"async\" width=\"550\" height=\"630\" src=\"https:\/\/www.szunioncargo.com\/wp-content\/uploads\/2024\/05\/wxp-1.webp\" class=\"elementor-animation-grow attachment-large size-large wp-image-1245\" alt=\"\" srcset=\"https:\/\/www.szunioncargo.com\/wp-content\/uploads\/2024\/05\/wxp-1.webp 550w, https:\/\/www.szunioncargo.com\/wp-content\/uploads\/2024\/05\/wxp-1-262x300.webp 262w, https:\/\/www.szunioncargo.com\/wp-content\/uploads\/2024\/05\/wxp-1-10x12.webp 10w\" sizes=\"100vw\" \/>\t\t\t\t\t\t\t\t\t\t\t\t\t<\/div>\n\t\t\t\t<\/div>\n\t\t\t\t<\/div>\n\t\t<div class=\"elementor-element elementor-element-251f1870 e-con-full e-flex e-con e-child\" data-id=\"251f1870\" data-element_type=\"container\">\n\t\t\t\t<div class=\"elementor-element elementor-element-224a5dc1 elementor-widget elementor-widget-text-editor\" data-id=\"224a5dc1\" data-element_type=\"widget\" data-widget_type=\"text-editor.default\">\n\t\t\t\t<div class=\"elementor-widget-container\">\n\t\t\t<style>\/*! elementor - v3.21.0 - 18-04-2024 *\/\n.elementor-widget-text-editor.elementor-drop-cap-view-stacked .elementor-drop-cap{background-color:#69727d;color:#fff}.elementor-widget-text-editor.elementor-drop-cap-view-framed .elementor-drop-cap{color:#69727d;border:3px solid;background-color:transparent}.elementor-widget-text-editor:not(.elementor-drop-cap-view-default) .elementor-drop-cap{margin-top:8px}.elementor-widget-text-editor:not(.elementor-drop-cap-view-default) .elementor-drop-cap-letter{width:1em;height:1em}.elementor-widget-text-editor .elementor-drop-cap{float:left;text-align:center;line-height:1;font-size:50px}.elementor-widget-text-editor .elementor-drop-cap-letter{display:inline-block}<\/style>\t\t\t\t<p>\u00a0Con una experiencia profesional de 20 a\u00f1os en la industria del transporte internacional de mercanc\u00edas, Jia De Xin Tong International Logistics ofrece servicios especializados de transporte internacional de contenedores, que incluyen: contenedores de techo abierto, contenedores de plataforma plana, contenedores de bastidor, contenedores cisterna, contenedores de ropa colgante, contenedores refrigerados, graneleros, etc. Con el apoyo de m\u00e1s de una docena de grandes compa\u00f1\u00edas navieras, podemos gestionar servicios de reposicionamiento de contenedores y transporte desde la regi\u00f3n del Delta del R\u00edo Perla hasta los principales puertos del norte. Contamos con una flota profesional para ofrecerle servicios como remolques de contenedores refrigerados, remolques de contenedores de plataforma plana y techo abierto, flejado, carga y descarga. Brindamos servicios de transporte internacional profesional para el comercio de importaci\u00f3n y exportaci\u00f3n de productos frescos refrigerados, maquinaria grande, ropa de alta gama, l\u00edquidos a granel, gases licuados y otros productos especiales.<\/p>\t\t\t\t\t\t<\/div>\n\t\t\t\t<\/div>\n\t\t\t\t<\/div>\n\t\t\t\t\t<\/div>\n\t\t\t\t<\/div>\n\t\t<div class=\"elementor-element elementor-element-38cd393b e-flex e-con-boxed e-con e-parent\" data-id=\"38cd393b\" data-element_type=\"container\">\n\t\t\t\t\t<div class=\"e-con-inner\">\n\t\t\t\t<div class=\"elementor-element elementor-element-5e11f9ed elementor-widget elementor-widget-heading\" data-id=\"5e11f9ed\" data-element_type=\"widget\" data-widget_type=\"heading.default\">\n\t\t\t\t<div class=\"elementor-widget-container\">\n\t\t\t<style>\/*! elementor - v3.21.0 - 18-04-2024 *\/\n.elementor-heading-title{padding:0;margin:0;line-height:1}.elementor-widget-heading .elementor-heading-title[class*=elementor-size-]>a{color:inherit;font-size:inherit;line-height:inherit}.elementor-widget-heading .elementor-heading-title.elementor-size-small{font-size:15px}.elementor-widget-heading .elementor-heading-title.elementor-size-medium{font-size:19px}.elementor-widget-heading .elementor-heading-title.elementor-size-large{font-size:29px}.elementor-widget-heading .elementor-heading-title.elementor-size-xl{font-size:39px}.elementor-widget-heading .elementor-heading-title.elementor-size-xxl{font-size:59px}<\/style><h1 class=\"elementor-heading-title elementor-size-default\">Servicios<\/h1>\t\t<\/div>\n\t\t\t\t<\/div>\n\t\t\t\t\t<\/div>\n\t\t\t\t<\/div>\n\t\t<div class=\"elementor-element elementor-element-28d837ab e-flex e-con-boxed e-con e-parent\" data-id=\"28d837ab\" data-element_type=\"container\">\n\t\t\t\t\t<div class=\"e-con-inner\">\n\t\t<div class=\"elementor-element elementor-element-353e7479 e-con-full e-flex e-con e-child\" data-id=\"353e7479\" data-element_type=\"container\">\n\t\t<div class=\"elementor-element elementor-element-1a9f16a2 e-flex e-con-boxed e-con e-child\" data-id=\"1a9f16a2\" data-element_type=\"container\" data-settings=\"{&quot;background_background&quot;:&quot;classic&quot;}\">\n\t\t\t\t\t<div class=\"e-con-inner\">\n\t\t\t\t<div class=\"elementor-element elementor-element-5bb43e07 elementor-widget elementor-widget-image\" data-id=\"5bb43e07\" data-element_type=\"widget\" data-widget_type=\"image.default\">\n\t\t\t\t<div class=\"elementor-widget-container\">\n\t\t\t\t\t\t\t\t\t\t\t\t\t<img decoding=\"async\" width=\"80\" height=\"80\" src=\"https:\/\/www.szunioncargo.com\/wp-content\/uploads\/2024\/04\/wxp-icon-1.png\" class=\"attachment-medium_large size-medium_large wp-image-443\" alt=\"\" srcset=\"https:\/\/www.szunioncargo.com\/wp-content\/uploads\/2024\/04\/wxp-icon-1.png 80w, https:\/\/www.szunioncargo.com\/wp-content\/uploads\/2024\/04\/wxp-icon-1-12x12.png 12w\" sizes=\"100vw\" \/>\t\t\t\t\t\t\t\t\t\t\t\t\t<\/div>\n\t\t\t\t<\/div>\n\t\t\t\t<div class=\"elementor-element elementor-element-71ebe0f6 elementor-widget elementor-widget-text-editor\" data-id=\"71ebe0f6\" data-element_type=\"widget\" data-widget_type=\"text-editor.default\">\n\t\t\t\t<div class=\"elementor-widget-container\">\n\t\t\t\t\t\t\t<p>Transporte de Mercanc\u00edas Peligrosas<\/p>\t\t\t\t\t\t<\/div>\n\t\t\t\t<\/div>\n\t\t\t\t\t<\/div>\n\t\t\t\t<\/div>\n\t\t\t\t<\/div>\n\t\t<div class=\"elementor-element elementor-element-590ab539 e-con-full e-flex e-con e-child\" data-id=\"590ab539\" data-element_type=\"container\">\n\t\t<div class=\"elementor-element elementor-element-5b3a0ba4 e-flex e-con-boxed e-con e-child\" data-id=\"5b3a0ba4\" data-element_type=\"container\" data-settings=\"{&quot;background_background&quot;:&quot;classic&quot;}\">\n\t\t\t\t\t<div class=\"e-con-inner\">\n\t\t\t\t<div class=\"elementor-element elementor-element-70f006c3 elementor-widget elementor-widget-image\" data-id=\"70f006c3\" data-element_type=\"widget\" data-widget_type=\"image.default\">\n\t\t\t\t<div class=\"elementor-widget-container\">\n\t\t\t\t\t\t\t\t\t\t\t\t\t<img decoding=\"async\" width=\"80\" height=\"80\" src=\"https:\/\/www.szunioncargo.com\/wp-content\/uploads\/2024\/04\/wxp-icon-2.png\" class=\"attachment-medium_large size-medium_large wp-image-444\" alt=\"\" srcset=\"https:\/\/www.szunioncargo.com\/wp-content\/uploads\/2024\/04\/wxp-icon-2.png 80w, https:\/\/www.szunioncargo.com\/wp-content\/uploads\/2024\/04\/wxp-icon-2-12x12.png 12w\" sizes=\"100vw\" \/>\t\t\t\t\t\t\t\t\t\t\t\t\t<\/div>\n\t\t\t\t<\/div>\n\t\t\t\t<div class=\"elementor-element elementor-element-cac03bb elementor-widget elementor-widget-text-editor\" data-id=\"cac03bb\" data-element_type=\"widget\" data-widget_type=\"text-editor.default\">\n\t\t\t\t<div class=\"elementor-widget-container\">\n\t\t\t\t\t\t\t<p>Declaraci\u00f3n Mar\u00edtima<\/p>\t\t\t\t\t\t<\/div>\n\t\t\t\t<\/div>\n\t\t\t\t\t<\/div>\n\t\t\t\t<\/div>\n\t\t\t\t<\/div>\n\t\t<div class=\"elementor-element elementor-element-4a22456b e-con-full e-flex e-con e-child\" data-id=\"4a22456b\" data-element_type=\"container\">\n\t\t<div class=\"elementor-element elementor-element-2459c31 e-flex e-con-boxed e-con e-child\" data-id=\"2459c31\" data-element_type=\"container\" data-settings=\"{&quot;background_background&quot;:&quot;classic&quot;}\">\n\t\t\t\t\t<div class=\"e-con-inner\">\n\t\t\t\t<div class=\"elementor-element elementor-element-2b842960 elementor-widget elementor-widget-image\" data-id=\"2b842960\" data-element_type=\"widget\" data-widget_type=\"image.default\">\n\t\t\t\t<div class=\"elementor-widget-container\">\n\t\t\t\t\t\t\t\t\t\t\t\t\t<img loading=\"lazy\" decoding=\"async\" width=\"80\" height=\"80\" src=\"https:\/\/www.szunioncargo.com\/wp-content\/uploads\/2024\/04\/wxp-icon-3.png\" class=\"attachment-medium_large size-medium_large wp-image-445\" alt=\"\" srcset=\"https:\/\/www.szunioncargo.com\/wp-content\/uploads\/2024\/04\/wxp-icon-3.png 80w, https:\/\/www.szunioncargo.com\/wp-content\/uploads\/2024\/04\/wxp-icon-3-12x12.png 12w\" sizes=\"100vw\" \/>\t\t\t\t\t\t\t\t\t\t\t\t\t<\/div>\n\t\t\t\t<\/div>\n\t\t\t\t<div class=\"elementor-element elementor-element-626d3fb elementor-widget elementor-widget-text-editor\" data-id=\"626d3fb\" data-element_type=\"widget\" data-widget_type=\"text-editor.default\">\n\t\t\t\t<div class=\"elementor-widget-container\">\n\t\t\t\t\t\t\t<p>Declaraci\u00f3n Portuaria y de Env\u00edo<\/p>\t\t\t\t\t\t<\/div>\n\t\t\t\t<\/div>\n\t\t\t\t\t<\/div>\n\t\t\t\t<\/div>\n\t\t\t\t<\/div>\n\t\t<div class=\"elementor-element elementor-element-52171d29 e-con-full e-flex e-con e-child\" data-id=\"52171d29\" data-element_type=\"container\">\n\t\t<div class=\"elementor-element elementor-element-2b3b4eca e-flex e-con-boxed e-con e-child\" data-id=\"2b3b4eca\" data-element_type=\"container\" data-settings=\"{&quot;background_background&quot;:&quot;classic&quot;}\">\n\t\t\t\t\t<div class=\"e-con-inner\">\n\t\t\t\t<div class=\"elementor-element elementor-element-2682cf03 elementor-widget elementor-widget-image\" data-id=\"2682cf03\" data-element_type=\"widget\" data-widget_type=\"image.default\">\n\t\t\t\t<div class=\"elementor-widget-container\">\n\t\t\t\t\t\t\t\t\t\t\t\t\t<img loading=\"lazy\" decoding=\"async\" width=\"80\" height=\"80\" src=\"https:\/\/www.szunioncargo.com\/wp-content\/uploads\/2024\/04\/wxp-icon-4.png\" class=\"attachment-medium_large size-medium_large wp-image-446\" alt=\"\" srcset=\"https:\/\/www.szunioncargo.com\/wp-content\/uploads\/2024\/04\/wxp-icon-4.png 80w, https:\/\/www.szunioncargo.com\/wp-content\/uploads\/2024\/04\/wxp-icon-4-12x12.png 12w\" sizes=\"100vw\" \/>\t\t\t\t\t\t\t\t\t\t\t\t\t<\/div>\n\t\t\t\t<\/div>\n\t\t\t\t<div class=\"elementor-element elementor-element-21c5ad89 elementor-widget elementor-widget-text-editor\" data-id=\"21c5ad89\" data-element_type=\"widget\" data-widget_type=\"text-editor.default\">\n\t\t\t\t<div class=\"elementor-widget-container\">\n\t\t\t\t\t\t\t<p>Agencia de Despacho de Aduanas e Inspecci\u00f3n<\/p>\t\t\t\t\t\t<\/div>\n\t\t\t\t<\/div>\n\t\t\t\t\t<\/div>\n\t\t\t\t<\/div>\n\t\t\t\t<\/div>\n\t\t\t\t\t<\/div>\n\t\t\t\t<\/div>\n\t\t\t\t<\/div>","protected":false},"excerpt":{"rendered":"<p>\u00a0\u4f9d\u625820\u5e74\u7684\u56fd\u9645\u8d27\u8fd0\u884c\u4e1a\u4e13\u4e1a\u7ecf\u9a8c\uff0c\u5609\u5fb7\u4fe1\u901a\u56fd\u9645\u7269\u6d41\u62e5\u6709\u7279\u79cd\u96c6\u88c5\u7bb1\u56fd\u9645\u8fd0\u8f93\u670d\u52a1\uff0c\u5305\u62ec\uff1a\u5f00\u9876\u67dc\u3001\u5e73\u677f\u67dc\u3001\u6846\u67b6\u67dc\u3001 &hellip; <\/p>\n<p class=\"link-more\"><a href=\"https:\/\/www.szunioncargo.com\/es\/service-wxp\/\" class=\"more-link\">Leer m\u00e1s<span class=\"screen-reader-text\"> \u00ab\u5371\u9669\u54c1\u53ca\u7279\u6b8a\u8fd0\u8f93\u00bb<\/span><\/a><\/p>","protected":false},"author":1,"featured_media":1243,"parent":0,"menu_order":0,"comment_status":"closed","ping_status":"closed","template":"","meta":{"footnotes":""},"class_list":["post-66","page","type-page","status-publish","has-post-thumbnail","hentry"],"featured_media_urls":{"thumbnail":["https:\/\/www.szunioncargo.com\/wp-content\/uploads\/2024\/05\/wxp-banner-150x150.webp",150,150,true],"medium":["https:\/\/www.szunioncargo.com\/wp-content\/uploads\/2024\/05\/wxp-banner-300x79.webp",300,79,true],"medium_large":["https:\/\/www.szunioncargo.com\/wp-content\/uploads\/2024\/05\/wxp-banner.webp",768,202,false],"large":["https:\/\/www.szunioncargo.com\/wp-content\/uploads\/2024\/05\/wxp-banner-1024x269.webp",950,250,true],"1536x1536":["https:\/\/www.szunioncargo.com\/wp-content\/uploads\/2024\/05\/wxp-banner-1536x404.webp",1536,404,true],"2048x2048":["https:\/\/www.szunioncargo.com\/wp-content\/uploads\/2024\/05\/wxp-banner.webp",1900,500,false],"trp-custom-language-flag":["https:\/\/www.szunioncargo.com\/wp-content\/uploads\/2024\/05\/wxp-banner-18x5.webp",18,5,true],"inspiro-featured-image":["https:\/\/www.szunioncargo.com\/wp-content\/uploads\/2024\/05\/wxp-banner.webp",1900,500,false],"inspiro-loop":["https:\/\/www.szunioncargo.com\/wp-content\/uploads\/2024\/05\/wxp-banner-950x320.webp",950,320,true],"inspiro-loop@2x":["https:\/\/www.szunioncargo.com\/wp-content\/uploads\/2024\/05\/wxp-banner.webp",1900,500,false],"portfolio_item-thumbnail":["https:\/\/www.szunioncargo.com\/wp-content\/uploads\/2024\/05\/wxp-banner-600x400.webp",600,400,true],"portfolio_item-thumbnail@2x":["https:\/\/www.szunioncargo.com\/wp-content\/uploads\/2024\/05\/wxp-banner-1200x500.webp",1200,500,true],"portfolio_item-masonry":["https:\/\/www.szunioncargo.com\/wp-content\/uploads\/2024\/05\/wxp-banner-600x158.webp",600,158,true],"portfolio_item-masonry@2x":["https:\/\/www.szunioncargo.com\/wp-content\/uploads\/2024\/05\/wxp-banner-1200x316.webp",1200,316,true],"portfolio_item-thumbnail_cinema":["https:\/\/www.szunioncargo.com\/wp-content\/uploads\/2024\/05\/wxp-banner-800x335.webp",800,335,true],"portfolio_item-thumbnail_portrait":["https:\/\/www.szunioncargo.com\/wp-content\/uploads\/2024\/05\/wxp-banner-600x500.webp",600,500,true],"portfolio_item-thumbnail_portrait@2x":["https:\/\/www.szunioncargo.com\/wp-content\/uploads\/2024\/05\/wxp-banner-1200x500.webp",1200,500,true],"portfolio_item-thumbnail_square":["https:\/\/www.szunioncargo.com\/wp-content\/uploads\/2024\/05\/wxp-banner-800x500.webp",800,500,true]},"_links":{"self":[{"href":"https:\/\/www.szunioncargo.com\/es\/wp-json\/wp\/v2\/pages\/66","targetHints":{"allow":["GET"]}}],"collection":[{"href":"https:\/\/www.szunioncargo.com\/es\/wp-json\/wp\/v2\/pages"}],"about":[{"href":"https:\/\/www.szunioncargo.com\/es\/wp-json\/wp\/v2\/types\/page"}],"author":[{"embeddable":true,"href":"https:\/\/www.szunioncargo.com\/es\/wp-json\/wp\/v2\/users\/1"}],"replies":[{"embeddable":true,"href":"https:\/\/www.szunioncargo.com\/es\/wp-json\/wp\/v2\/comments?post=66"}],"version-history":[{"count":13,"href":"https:\/\/www.szunioncargo.com\/es\/wp-json\/wp\/v2\/pages\/66\/revisions"}],"predecessor-version":[{"id":1248,"href":"https:\/\/www.szunioncargo.com\/es\/wp-json\/wp\/v2\/pages\/66\/revisions\/1248"}],"wp:featuredmedia":[{"embeddable":true,"href":"https:\/\/www.szunioncargo.com\/es\/wp-json\/wp\/v2\/media\/1243"}],"wp:attachment":[{"href":"https:\/\/www.szunioncargo.com\/es\/wp-json\/wp\/v2\/media?parent=66"}],"curies":[{"name":"wp","href":"https:\/\/api.w.org\/{rel}","templated":true}]}}