{"id":68,"date":"2024-04-20T09:02:37","date_gmt":"2024-04-20T09:02:37","guid":{"rendered":"https:\/\/jdxt.honeyplaybox.eu\/?page_id=68"},"modified":"2024-05-25T07:37:02","modified_gmt":"2024-05-25T07:37:02","slug":"service-mdg","status":"publish","type":"page","link":"https:\/\/www.szunioncargo.com\/es\/service-mdg\/","title":{"rendered":"Servicios en el Puerto de Destino"},"content":{"rendered":"<div data-elementor-type=\"wp-page\" data-elementor-id=\"68\" class=\"elementor elementor-68\" data-elementor-post-type=\"page\">\n\t\t\t\t<div class=\"elementor-element elementor-element-335be5b7 e-flex e-con-boxed e-con e-parent\" data-id=\"335be5b7\" data-element_type=\"container\">\n\t\t\t\t\t<div class=\"e-con-inner\">\n\t\t<div class=\"elementor-element elementor-element-1bdc1ba6 e-con-full e-flex e-con e-child\" data-id=\"1bdc1ba6\" data-element_type=\"container\">\n\t\t\t\t<div class=\"elementor-element elementor-element-6df46248 elementor-widget elementor-widget-image\" data-id=\"6df46248\" data-element_type=\"widget\" data-widget_type=\"image.default\">\n\t\t\t\t<div class=\"elementor-widget-container\">\n\t\t\t<style>\/*! elementor - v3.21.0 - 18-04-2024 *\/\n.elementor-widget-image{text-align:center}.elementor-widget-image a{display:inline-block}.elementor-widget-image a img[src$=\".svg\"]{width:48px}.elementor-widget-image img{vertical-align:middle;display:inline-block}<\/style>\t\t\t\t\t\t\t\t\t\t<img fetchpriority=\"high\" decoding=\"async\" width=\"550\" height=\"630\" src=\"https:\/\/www.szunioncargo.com\/wp-content\/uploads\/2024\/05\/mdg-1.webp\" class=\"elementor-animation-grow attachment-large size-large wp-image-1251\" alt=\"\" srcset=\"https:\/\/www.szunioncargo.com\/wp-content\/uploads\/2024\/05\/mdg-1.webp 550w, https:\/\/www.szunioncargo.com\/wp-content\/uploads\/2024\/05\/mdg-1-262x300.webp 262w, https:\/\/www.szunioncargo.com\/wp-content\/uploads\/2024\/05\/mdg-1-10x12.webp 10w\" sizes=\"100vw\" \/>\t\t\t\t\t\t\t\t\t\t\t\t\t<\/div>\n\t\t\t\t<\/div>\n\t\t\t\t<\/div>\n\t\t<div class=\"elementor-element elementor-element-4d009874 e-con-full e-flex e-con e-child\" data-id=\"4d009874\" data-element_type=\"container\">\n\t\t\t\t<div class=\"elementor-element elementor-element-5725348a elementor-widget elementor-widget-text-editor\" data-id=\"5725348a\" data-element_type=\"widget\" data-widget_type=\"text-editor.default\">\n\t\t\t\t<div class=\"elementor-widget-container\">\n\t\t\t<style>\/*! elementor - v3.21.0 - 18-04-2024 *\/\n.elementor-widget-text-editor.elementor-drop-cap-view-stacked .elementor-drop-cap{background-color:#69727d;color:#fff}.elementor-widget-text-editor.elementor-drop-cap-view-framed .elementor-drop-cap{color:#69727d;border:3px solid;background-color:transparent}.elementor-widget-text-editor:not(.elementor-drop-cap-view-default) .elementor-drop-cap{margin-top:8px}.elementor-widget-text-editor:not(.elementor-drop-cap-view-default) .elementor-drop-cap-letter{width:1em;height:1em}.elementor-widget-text-editor .elementor-drop-cap{float:left;text-align:center;line-height:1;font-size:50px}.elementor-widget-text-editor .elementor-drop-cap-letter{display:inline-block}<\/style>\t\t\t\t<p>Jia De Xin Tong ofrece servicios profesionales de puerto de destino, brindando a los clientes servicios integrales de log\u00edstica global, que incluyen env\u00edos a terceros pa\u00edses, transbordo transfronterizo, transporte terrestre, recolecci\u00f3n de fletes en el puerto de destino, despacho de aduana en el puerto de destino, entrega en el puerto de destino, almacenamiento en el extranjero, etc.<\/p>\t\t\t\t\t\t<\/div>\n\t\t\t\t<\/div>\n\t\t\t\t<\/div>\n\t\t\t\t\t<\/div>\n\t\t\t\t<\/div>\n\t\t<div class=\"elementor-element elementor-element-3075ede2 e-flex e-con-boxed e-con e-parent\" data-id=\"3075ede2\" data-element_type=\"container\">\n\t\t\t\t\t<div class=\"e-con-inner\">\n\t\t\t\t<div class=\"elementor-element elementor-element-30886619 elementor-widget elementor-widget-heading\" data-id=\"30886619\" data-element_type=\"widget\" data-widget_type=\"heading.default\">\n\t\t\t\t<div class=\"elementor-widget-container\">\n\t\t\t<style>\/*! elementor - v3.21.0 - 18-04-2024 *\/\n.elementor-heading-title{padding:0;margin:0;line-height:1}.elementor-widget-heading .elementor-heading-title[class*=elementor-size-]>a{color:inherit;font-size:inherit;line-height:inherit}.elementor-widget-heading .elementor-heading-title.elementor-size-small{font-size:15px}.elementor-widget-heading .elementor-heading-title.elementor-size-medium{font-size:19px}.elementor-widget-heading .elementor-heading-title.elementor-size-large{font-size:29px}.elementor-widget-heading .elementor-heading-title.elementor-size-xl{font-size:39px}.elementor-widget-heading .elementor-heading-title.elementor-size-xxl{font-size:59px}<\/style><h1 class=\"elementor-heading-title elementor-size-default\">Servicios<\/h1>\t\t<\/div>\n\t\t\t\t<\/div>\n\t\t\t\t\t<\/div>\n\t\t\t\t<\/div>\n\t\t<div class=\"elementor-element elementor-element-438cff53 e-flex e-con-boxed e-con e-parent\" data-id=\"438cff53\" data-element_type=\"container\">\n\t\t\t\t\t<div class=\"e-con-inner\">\n\t\t<div class=\"elementor-element elementor-element-7a7ce4fc e-con-full e-flex e-con e-child\" data-id=\"7a7ce4fc\" data-element_type=\"container\">\n\t\t<div class=\"elementor-element elementor-element-56261ef5 e-flex e-con-boxed e-con e-child\" data-id=\"56261ef5\" data-element_type=\"container\" data-settings=\"{&quot;background_background&quot;:&quot;classic&quot;}\">\n\t\t\t\t\t<div class=\"e-con-inner\">\n\t\t\t\t<div class=\"elementor-element elementor-element-147dbff0 elementor-widget elementor-widget-image\" data-id=\"147dbff0\" data-element_type=\"widget\" data-widget_type=\"image.default\">\n\t\t\t\t<div class=\"elementor-widget-container\">\n\t\t\t\t\t\t\t\t\t\t\t\t\t<img decoding=\"async\" width=\"80\" height=\"80\" src=\"https:\/\/www.szunioncargo.com\/wp-content\/uploads\/2024\/04\/hy-icon-6.png\" class=\"attachment-medium_large size-medium_large wp-image-176\" alt=\"\" srcset=\"https:\/\/www.szunioncargo.com\/wp-content\/uploads\/2024\/04\/hy-icon-6.png 80w, https:\/\/www.szunioncargo.com\/wp-content\/uploads\/2024\/04\/hy-icon-6-12x12.png 12w\" sizes=\"100vw\" \/>\t\t\t\t\t\t\t\t\t\t\t\t\t<\/div>\n\t\t\t\t<\/div>\n\t\t\t\t<div class=\"elementor-element elementor-element-22c9f843 elementor-widget elementor-widget-text-editor\" data-id=\"22c9f843\" data-element_type=\"widget\" data-widget_type=\"text-editor.default\">\n\t\t\t\t<div class=\"elementor-widget-container\">\n\t\t\t\t\t\t\t<p>Despacho de aduana\/entrega\/aranceles en el puerto de destino<\/p>\t\t\t\t\t\t<\/div>\n\t\t\t\t<\/div>\n\t\t\t\t\t<\/div>\n\t\t\t\t<\/div>\n\t\t\t\t<\/div>\n\t\t<div class=\"elementor-element elementor-element-4fcda601 e-con-full e-flex e-con e-child\" data-id=\"4fcda601\" data-element_type=\"container\">\n\t\t<div class=\"elementor-element elementor-element-1329aad1 e-flex e-con-boxed e-con e-child\" data-id=\"1329aad1\" data-element_type=\"container\" data-settings=\"{&quot;background_background&quot;:&quot;classic&quot;}\">\n\t\t\t\t\t<div class=\"e-con-inner\">\n\t\t\t\t<div class=\"elementor-element elementor-element-68ec79a1 elementor-widget elementor-widget-image\" data-id=\"68ec79a1\" data-element_type=\"widget\" data-widget_type=\"image.default\">\n\t\t\t\t<div class=\"elementor-widget-container\">\n\t\t\t\t\t\t\t\t\t\t\t\t\t<img decoding=\"async\" width=\"80\" height=\"80\" src=\"https:\/\/www.szunioncargo.com\/wp-content\/uploads\/2024\/04\/hy-icon-2.png\" class=\"attachment-medium_large size-medium_large wp-image-173\" alt=\"\" srcset=\"https:\/\/www.szunioncargo.com\/wp-content\/uploads\/2024\/04\/hy-icon-2.png 80w, https:\/\/www.szunioncargo.com\/wp-content\/uploads\/2024\/04\/hy-icon-2-12x12.png 12w\" sizes=\"100vw\" \/>\t\t\t\t\t\t\t\t\t\t\t\t\t<\/div>\n\t\t\t\t<\/div>\n\t\t\t\t<div class=\"elementor-element elementor-element-4fe6901f elementor-widget elementor-widget-text-editor\" data-id=\"4fe6901f\" data-element_type=\"widget\" data-widget_type=\"text-editor.default\">\n\t\t\t\t<div class=\"elementor-widget-container\">\n\t\t\t\t\t\t\t<p>Env\u00edos a terceros pa\u00edses<\/p>\t\t\t\t\t\t<\/div>\n\t\t\t\t<\/div>\n\t\t\t\t\t<\/div>\n\t\t\t\t<\/div>\n\t\t\t\t<\/div>\n\t\t<div class=\"elementor-element elementor-element-9cf564e e-con-full e-flex e-con e-child\" data-id=\"9cf564e\" data-element_type=\"container\">\n\t\t<div class=\"elementor-element elementor-element-79c7c118 e-flex e-con-boxed e-con e-child\" data-id=\"79c7c118\" data-element_type=\"container\" data-settings=\"{&quot;background_background&quot;:&quot;classic&quot;}\">\n\t\t\t\t\t<div class=\"e-con-inner\">\n\t\t\t\t<div class=\"elementor-element elementor-element-43d7a625 elementor-widget elementor-widget-image\" data-id=\"43d7a625\" data-element_type=\"widget\" data-widget_type=\"image.default\">\n\t\t\t\t<div class=\"elementor-widget-container\">\n\t\t\t\t\t\t\t\t\t\t\t\t\t<img loading=\"lazy\" decoding=\"async\" width=\"80\" height=\"80\" src=\"https:\/\/www.szunioncargo.com\/wp-content\/uploads\/2024\/04\/hy-icon-3.png\" class=\"attachment-medium_large size-medium_large wp-image-174\" alt=\"\" srcset=\"https:\/\/www.szunioncargo.com\/wp-content\/uploads\/2024\/04\/hy-icon-3.png 80w, https:\/\/www.szunioncargo.com\/wp-content\/uploads\/2024\/04\/hy-icon-3-12x12.png 12w\" sizes=\"100vw\" \/>\t\t\t\t\t\t\t\t\t\t\t\t\t<\/div>\n\t\t\t\t<\/div>\n\t\t\t\t<div class=\"elementor-element elementor-element-3b3e7b2a elementor-widget elementor-widget-text-editor\" data-id=\"3b3e7b2a\" data-element_type=\"widget\" data-widget_type=\"text-editor.default\">\n\t\t\t\t<div class=\"elementor-widget-container\">\n\t\t\t\t\t\t\t<p>Cobro de gastos de transporte fuera del pa\u00eds<\/p>\t\t\t\t\t\t<\/div>\n\t\t\t\t<\/div>\n\t\t\t\t\t<\/div>\n\t\t\t\t<\/div>\n\t\t\t\t<\/div>\n\t\t<div class=\"elementor-element elementor-element-2fcee358 e-con-full e-flex e-con e-child\" data-id=\"2fcee358\" data-element_type=\"container\">\n\t\t<div class=\"elementor-element elementor-element-343613b e-flex e-con-boxed e-con e-child\" data-id=\"343613b\" data-element_type=\"container\" data-settings=\"{&quot;background_background&quot;:&quot;classic&quot;}\">\n\t\t\t\t\t<div class=\"e-con-inner\">\n\t\t\t\t<div class=\"elementor-element elementor-element-7aab9efb elementor-widget elementor-widget-image\" data-id=\"7aab9efb\" data-element_type=\"widget\" data-widget_type=\"image.default\">\n\t\t\t\t<div class=\"elementor-widget-container\">\n\t\t\t\t\t\t\t\t\t\t\t\t\t<img loading=\"lazy\" decoding=\"async\" width=\"80\" height=\"80\" src=\"https:\/\/www.szunioncargo.com\/wp-content\/uploads\/2024\/04\/hy-icon-4.png\" class=\"attachment-medium_large size-medium_large wp-image-175\" alt=\"\" srcset=\"https:\/\/www.szunioncargo.com\/wp-content\/uploads\/2024\/04\/hy-icon-4.png 80w, https:\/\/www.szunioncargo.com\/wp-content\/uploads\/2024\/04\/hy-icon-4-12x12.png 12w\" sizes=\"100vw\" \/>\t\t\t\t\t\t\t\t\t\t\t\t\t<\/div>\n\t\t\t\t<\/div>\n\t\t\t\t<div class=\"elementor-element elementor-element-36afbc1 elementor-widget elementor-widget-text-editor\" data-id=\"36afbc1\" data-element_type=\"widget\" data-widget_type=\"text-editor.default\">\n\t\t\t\t<div class=\"elementor-widget-container\">\n\t\t\t\t\t\t\t<p>Transbordo transfronterizo<\/p>\t\t\t\t\t\t<\/div>\n\t\t\t\t<\/div>\n\t\t\t\t\t<\/div>\n\t\t\t\t<\/div>\n\t\t\t\t<\/div>\n\t\t<div class=\"elementor-element elementor-element-55ecb814 e-con-full e-flex e-con e-child\" data-id=\"55ecb814\" data-element_type=\"container\">\n\t\t<div class=\"elementor-element elementor-element-163c4f71 e-flex e-con-boxed e-con e-child\" data-id=\"163c4f71\" data-element_type=\"container\" data-settings=\"{&quot;background_background&quot;:&quot;classic&quot;}\">\n\t\t\t\t\t<div class=\"e-con-inner\">\n\t\t\t\t<div class=\"elementor-element elementor-element-3d43f9c elementor-widget elementor-widget-image\" data-id=\"3d43f9c\" data-element_type=\"widget\" data-widget_type=\"image.default\">\n\t\t\t\t<div class=\"elementor-widget-container\">\n\t\t\t\t\t\t\t\t\t\t\t\t\t<img loading=\"lazy\" decoding=\"async\" width=\"80\" height=\"80\" src=\"https:\/\/www.szunioncargo.com\/wp-content\/uploads\/2024\/04\/hy-icon-5.png\" class=\"attachment-medium_large size-medium_large wp-image-172\" alt=\"\" srcset=\"https:\/\/www.szunioncargo.com\/wp-content\/uploads\/2024\/04\/hy-icon-5.png 80w, https:\/\/www.szunioncargo.com\/wp-content\/uploads\/2024\/04\/hy-icon-5-12x12.png 12w\" sizes=\"100vw\" \/>\t\t\t\t\t\t\t\t\t\t\t\t\t<\/div>\n\t\t\t\t<\/div>\n\t\t\t\t<div class=\"elementor-element elementor-element-28f248c elementor-widget elementor-widget-text-editor\" data-id=\"28f248c\" data-element_type=\"widget\" data-widget_type=\"text-editor.default\">\n\t\t\t\t<div class=\"elementor-widget-container\">\n\t\t\t\t\t\t\t<p>Transporte en pa\u00edses sin litoral<\/p>\t\t\t\t\t\t<\/div>\n\t\t\t\t<\/div>\n\t\t\t\t\t<\/div>\n\t\t\t\t<\/div>\n\t\t\t\t<\/div>\n\t\t\t\t\t<\/div>\n\t\t\t\t<\/div>\n\t\t\t\t<\/div>","protected":false},"excerpt":{"rendered":"<p>\u5609\u5fb7\u4fe1\u901a\u63d0\u4f9b\u4e13\u4e1a\u5316\u76ee\u7684\u6e2f\u670d\u52a1\uff0c\u4e3a\u5ba2\u6237\u63d0\u4f9b\u5b8c\u5907\u7684\u5168\u7403\u5316\u7269\u6d41\u670d\u52a1\uff0c\u5305\u62ec\u7b2c\u4e09\u56fd\u51fa\u8fd0\uff0c\u8de8\u5883\u8f6c\u8fd0\uff0c\u5185\u9646\u56fd\u8fd0\u8f93\uff0c\u76ee\u7684\u6e2f\u4ee3\u6536 &hellip; <\/p>\n<p class=\"link-more\"><a href=\"https:\/\/www.szunioncargo.com\/es\/service-mdg\/\" class=\"more-link\">Leer m\u00e1s<span class=\"screen-reader-text\"> \u00ab\u76ee\u7684\u6e2f\u670d\u52a1\u00bb<\/span><\/a><\/p>","protected":false},"author":1,"featured_media":1249,"parent":0,"menu_order":0,"comment_status":"closed","ping_status":"closed","template":"","meta":{"footnotes":""},"class_list":["post-68","page","type-page","status-publish","has-post-thumbnail","hentry"],"featured_media_urls":{"thumbnail":["https:\/\/www.szunioncargo.com\/wp-content\/uploads\/2024\/05\/mdg-banner-150x150.webp",150,150,true],"medium":["https:\/\/www.szunioncargo.com\/wp-content\/uploads\/2024\/05\/mdg-banner-300x79.webp",300,79,true],"medium_large":["https:\/\/www.szunioncargo.com\/wp-content\/uploads\/2024\/05\/mdg-banner.webp",768,202,false],"large":["https:\/\/www.szunioncargo.com\/wp-content\/uploads\/2024\/05\/mdg-banner-1024x269.webp",950,250,true],"1536x1536":["https:\/\/www.szunioncargo.com\/wp-content\/uploads\/2024\/05\/mdg-banner-1536x404.webp",1536,404,true],"2048x2048":["https:\/\/www.szunioncargo.com\/wp-content\/uploads\/2024\/05\/mdg-banner.webp",1900,500,false],"trp-custom-language-flag":["https:\/\/www.szunioncargo.com\/wp-content\/uploads\/2024\/05\/mdg-banner-18x5.webp",18,5,true],"inspiro-featured-image":["https:\/\/www.szunioncargo.com\/wp-content\/uploads\/2024\/05\/mdg-banner.webp",1900,500,false],"inspiro-loop":["https:\/\/www.szunioncargo.com\/wp-content\/uploads\/2024\/05\/mdg-banner-950x320.webp",950,320,true],"inspiro-loop@2x":["https:\/\/www.szunioncargo.com\/wp-content\/uploads\/2024\/05\/mdg-banner.webp",1900,500,false],"portfolio_item-thumbnail":["https:\/\/www.szunioncargo.com\/wp-content\/uploads\/2024\/05\/mdg-banner-600x400.webp",600,400,true],"portfolio_item-thumbnail@2x":["https:\/\/www.szunioncargo.com\/wp-content\/uploads\/2024\/05\/mdg-banner-1200x500.webp",1200,500,true],"portfolio_item-masonry":["https:\/\/www.szunioncargo.com\/wp-content\/uploads\/2024\/05\/mdg-banner-600x158.webp",600,158,true],"portfolio_item-masonry@2x":["https:\/\/www.szunioncargo.com\/wp-content\/uploads\/2024\/05\/mdg-banner-1200x316.webp",1200,316,true],"portfolio_item-thumbnail_cinema":["https:\/\/www.szunioncargo.com\/wp-content\/uploads\/2024\/05\/mdg-banner-800x335.webp",800,335,true],"portfolio_item-thumbnail_portrait":["https:\/\/www.szunioncargo.com\/wp-content\/uploads\/2024\/05\/mdg-banner-600x500.webp",600,500,true],"portfolio_item-thumbnail_portrait@2x":["https:\/\/www.szunioncargo.com\/wp-content\/uploads\/2024\/05\/mdg-banner-1200x500.webp",1200,500,true],"portfolio_item-thumbnail_square":["https:\/\/www.szunioncargo.com\/wp-content\/uploads\/2024\/05\/mdg-banner-800x500.webp",800,500,true]},"_links":{"self":[{"href":"https:\/\/www.szunioncargo.com\/es\/wp-json\/wp\/v2\/pages\/68","targetHints":{"allow":["GET"]}}],"collection":[{"href":"https:\/\/www.szunioncargo.com\/es\/wp-json\/wp\/v2\/pages"}],"about":[{"href":"https:\/\/www.szunioncargo.com\/es\/wp-json\/wp\/v2\/types\/page"}],"author":[{"embeddable":true,"href":"https:\/\/www.szunioncargo.com\/es\/wp-json\/wp\/v2\/users\/1"}],"replies":[{"embeddable":true,"href":"https:\/\/www.szunioncargo.com\/es\/wp-json\/wp\/v2\/comments?post=68"}],"version-history":[{"count":16,"href":"https:\/\/www.szunioncargo.com\/es\/wp-json\/wp\/v2\/pages\/68\/revisions"}],"predecessor-version":[{"id":1254,"href":"https:\/\/www.szunioncargo.com\/es\/wp-json\/wp\/v2\/pages\/68\/revisions\/1254"}],"wp:featuredmedia":[{"embeddable":true,"href":"https:\/\/www.szunioncargo.com\/es\/wp-json\/wp\/v2\/media\/1249"}],"wp:attachment":[{"href":"https:\/\/www.szunioncargo.com\/es\/wp-json\/wp\/v2\/media?parent=68"}],"curies":[{"name":"wp","href":"https:\/\/api.w.org\/{rel}","templated":true}]}}