{"id":74,"date":"2024-04-20T09:03:22","date_gmt":"2024-04-20T09:03:22","guid":{"rendered":"https:\/\/jdxt.honeyplaybox.eu\/?page_id=74"},"modified":"2024-05-25T07:47:57","modified_gmt":"2024-05-25T07:47:57","slug":"service-bs","status":"publish","type":"page","link":"https:\/\/www.szunioncargo.com\/es\/service-bs\/","title":{"rendered":"Almacenamiento en Dep\u00f3sito Aduanero"},"content":{"rendered":"<div data-elementor-type=\"wp-page\" data-elementor-id=\"74\" class=\"elementor elementor-74\" data-elementor-post-type=\"page\">\n\t\t\t\t<div class=\"elementor-element elementor-element-547f185d e-flex e-con-boxed e-con e-parent\" data-id=\"547f185d\" data-element_type=\"container\">\n\t\t\t\t\t<div class=\"e-con-inner\">\n\t\t<div class=\"elementor-element elementor-element-f0cc432 e-con-full e-flex e-con e-child\" data-id=\"f0cc432\" data-element_type=\"container\">\n\t\t\t\t<div class=\"elementor-element elementor-element-742b5061 elementor-widget elementor-widget-image\" data-id=\"742b5061\" data-element_type=\"widget\" data-widget_type=\"image.default\">\n\t\t\t\t<div class=\"elementor-widget-container\">\n\t\t\t<style>\/*! elementor - v3.21.0 - 18-04-2024 *\/\n.elementor-widget-image{text-align:center}.elementor-widget-image a{display:inline-block}.elementor-widget-image a img[src$=\".svg\"]{width:48px}.elementor-widget-image img{vertical-align:middle;display:inline-block}<\/style>\t\t\t\t\t\t\t\t\t\t<img fetchpriority=\"high\" decoding=\"async\" width=\"602\" height=\"337\" src=\"https:\/\/www.szunioncargo.com\/wp-content\/uploads\/2024\/05\/bscc-2.webp\" class=\"elementor-animation-grow attachment-large size-large wp-image-1269\" alt=\"\" srcset=\"https:\/\/www.szunioncargo.com\/wp-content\/uploads\/2024\/05\/bscc-2.webp 602w, https:\/\/www.szunioncargo.com\/wp-content\/uploads\/2024\/05\/bscc-2-300x168.webp 300w, https:\/\/www.szunioncargo.com\/wp-content\/uploads\/2024\/05\/bscc-2-18x10.webp 18w, https:\/\/www.szunioncargo.com\/wp-content\/uploads\/2024\/05\/bscc-2-600x337.webp 600w\" sizes=\"100vw\" \/>\t\t\t\t\t\t\t\t\t\t\t\t\t<\/div>\n\t\t\t\t<\/div>\n\t\t\t\t<\/div>\n\t\t<div class=\"elementor-element elementor-element-5ad1dc45 e-con-full e-flex e-con e-child\" data-id=\"5ad1dc45\" data-element_type=\"container\">\n\t\t\t\t<div class=\"elementor-element elementor-element-19305d86 elementor-widget elementor-widget-text-editor\" data-id=\"19305d86\" data-element_type=\"widget\" data-widget_type=\"text-editor.default\">\n\t\t\t\t<div class=\"elementor-widget-container\">\n\t\t\t<style>\/*! elementor - v3.21.0 - 18-04-2024 *\/\n.elementor-widget-text-editor.elementor-drop-cap-view-stacked .elementor-drop-cap{background-color:#69727d;color:#fff}.elementor-widget-text-editor.elementor-drop-cap-view-framed .elementor-drop-cap{color:#69727d;border:3px solid;background-color:transparent}.elementor-widget-text-editor:not(.elementor-drop-cap-view-default) .elementor-drop-cap{margin-top:8px}.elementor-widget-text-editor:not(.elementor-drop-cap-view-default) .elementor-drop-cap-letter{width:1em;height:1em}.elementor-widget-text-editor .elementor-drop-cap{float:left;text-align:center;line-height:1;font-size:50px}.elementor-widget-text-editor .elementor-drop-cap-letter{display:inline-block}<\/style>\t\t\t\t<p>Guardian ICT ofrece servicios log\u00edsticos de declaraci\u00f3n de impuestos, servicios que incluyen consolidaci\u00f3n de exportaciones, almacenamiento de exportaciones, almacenamiento de declaraciones de impuestos de importaci\u00f3n, distribuci\u00f3n de declaraciones de impuestos de importaci\u00f3n, comercio de reexportaci\u00f3n.<\/p>\t\t\t\t\t\t<\/div>\n\t\t\t\t<\/div>\n\t\t\t\t<\/div>\n\t\t\t\t\t<\/div>\n\t\t\t\t<\/div>\n\t\t<div class=\"elementor-element elementor-element-7f9090ee e-flex e-con-boxed e-con e-parent\" data-id=\"7f9090ee\" data-element_type=\"container\">\n\t\t\t\t\t<div class=\"e-con-inner\">\n\t\t\t\t<div class=\"elementor-element elementor-element-18c769b7 elementor-widget elementor-widget-heading\" data-id=\"18c769b7\" data-element_type=\"widget\" data-widget_type=\"heading.default\">\n\t\t\t\t<div class=\"elementor-widget-container\">\n\t\t\t<style>\/*! elementor - v3.21.0 - 18-04-2024 *\/\n.elementor-heading-title{padding:0;margin:0;line-height:1}.elementor-widget-heading .elementor-heading-title[class*=elementor-size-]>a{color:inherit;font-size:inherit;line-height:inherit}.elementor-widget-heading .elementor-heading-title.elementor-size-small{font-size:15px}.elementor-widget-heading .elementor-heading-title.elementor-size-medium{font-size:19px}.elementor-widget-heading .elementor-heading-title.elementor-size-large{font-size:29px}.elementor-widget-heading .elementor-heading-title.elementor-size-xl{font-size:39px}.elementor-widget-heading .elementor-heading-title.elementor-size-xxl{font-size:59px}<\/style><h1 class=\"elementor-heading-title elementor-size-default\">Servicios<\/h1>\t\t<\/div>\n\t\t\t\t<\/div>\n\t\t\t\t\t<\/div>\n\t\t\t\t<\/div>\n\t\t<div class=\"elementor-element elementor-element-48eca789 e-flex e-con-boxed e-con e-parent\" data-id=\"48eca789\" data-element_type=\"container\">\n\t\t\t\t\t<div class=\"e-con-inner\">\n\t\t<div class=\"elementor-element elementor-element-5a7a6828 e-con-full e-flex e-con e-child\" data-id=\"5a7a6828\" data-element_type=\"container\">\n\t\t<div class=\"elementor-element elementor-element-3df68b16 e-flex e-con-boxed e-con e-child\" data-id=\"3df68b16\" data-element_type=\"container\" data-settings=\"{&quot;background_background&quot;:&quot;classic&quot;}\">\n\t\t\t\t\t<div class=\"e-con-inner\">\n\t\t\t\t<div class=\"elementor-element elementor-element-e5e013d elementor-widget elementor-widget-image\" data-id=\"e5e013d\" data-element_type=\"widget\" data-widget_type=\"image.default\">\n\t\t\t\t<div class=\"elementor-widget-container\">\n\t\t\t\t\t\t\t\t\t\t\t\t\t<img decoding=\"async\" width=\"80\" height=\"80\" src=\"https:\/\/www.szunioncargo.com\/wp-content\/uploads\/2024\/04\/bscc-icon-1.png\" class=\"attachment-medium_large size-medium_large wp-image-509\" alt=\"\" srcset=\"https:\/\/www.szunioncargo.com\/wp-content\/uploads\/2024\/04\/bscc-icon-1.png 80w, https:\/\/www.szunioncargo.com\/wp-content\/uploads\/2024\/04\/bscc-icon-1-12x12.png 12w\" sizes=\"100vw\" \/>\t\t\t\t\t\t\t\t\t\t\t\t\t<\/div>\n\t\t\t\t<\/div>\n\t\t\t\t<div class=\"elementor-element elementor-element-4ba37fb2 elementor-widget elementor-widget-text-editor\" data-id=\"4ba37fb2\" data-element_type=\"widget\" data-widget_type=\"text-editor.default\">\n\t\t\t\t<div class=\"elementor-widget-container\">\n\t\t\t\t\t\t\t<p>Consolidaci\u00f3n de exportaciones\/almacenamiento<\/p>\t\t\t\t\t\t<\/div>\n\t\t\t\t<\/div>\n\t\t\t\t\t<\/div>\n\t\t\t\t<\/div>\n\t\t\t\t<\/div>\n\t\t<div class=\"elementor-element elementor-element-2fc3ed00 e-con-full e-flex e-con e-child\" data-id=\"2fc3ed00\" data-element_type=\"container\">\n\t\t<div class=\"elementor-element elementor-element-5e25a88b e-flex e-con-boxed e-con e-child\" data-id=\"5e25a88b\" data-element_type=\"container\" data-settings=\"{&quot;background_background&quot;:&quot;classic&quot;}\">\n\t\t\t\t\t<div class=\"e-con-inner\">\n\t\t\t\t<div class=\"elementor-element elementor-element-7e53b349 elementor-widget elementor-widget-image\" data-id=\"7e53b349\" data-element_type=\"widget\" data-widget_type=\"image.default\">\n\t\t\t\t<div class=\"elementor-widget-container\">\n\t\t\t\t\t\t\t\t\t\t\t\t\t<img decoding=\"async\" width=\"80\" height=\"80\" src=\"https:\/\/www.szunioncargo.com\/wp-content\/uploads\/2024\/04\/bscc-icon-2.png\" class=\"attachment-medium_large size-medium_large wp-image-510\" alt=\"\" srcset=\"https:\/\/www.szunioncargo.com\/wp-content\/uploads\/2024\/04\/bscc-icon-2.png 80w, https:\/\/www.szunioncargo.com\/wp-content\/uploads\/2024\/04\/bscc-icon-2-12x12.png 12w\" sizes=\"100vw\" \/>\t\t\t\t\t\t\t\t\t\t\t\t\t<\/div>\n\t\t\t\t<\/div>\n\t\t\t\t<div class=\"elementor-element elementor-element-5a0e2c3b elementor-widget elementor-widget-text-editor\" data-id=\"5a0e2c3b\" data-element_type=\"widget\" data-widget_type=\"text-editor.default\">\n\t\t\t\t<div class=\"elementor-widget-container\">\n\t\t\t\t\t\t\t<p>Declaraci\u00f3n fiscal de importaci\u00f3n almacenamiento\/distribuci\u00f3n<\/p>\t\t\t\t\t\t<\/div>\n\t\t\t\t<\/div>\n\t\t\t\t\t<\/div>\n\t\t\t\t<\/div>\n\t\t\t\t<\/div>\n\t\t<div class=\"elementor-element elementor-element-fb9bf36 e-con-full e-flex e-con e-child\" data-id=\"fb9bf36\" data-element_type=\"container\">\n\t\t<div class=\"elementor-element elementor-element-a9f59bb e-flex e-con-boxed e-con e-child\" data-id=\"a9f59bb\" data-element_type=\"container\" data-settings=\"{&quot;background_background&quot;:&quot;classic&quot;}\">\n\t\t\t\t\t<div class=\"e-con-inner\">\n\t\t\t\t<div class=\"elementor-element elementor-element-4aacf153 elementor-widget elementor-widget-image\" data-id=\"4aacf153\" data-element_type=\"widget\" data-widget_type=\"image.default\">\n\t\t\t\t<div class=\"elementor-widget-container\">\n\t\t\t\t\t\t\t\t\t\t\t\t\t<img loading=\"lazy\" decoding=\"async\" width=\"80\" height=\"80\" src=\"https:\/\/www.szunioncargo.com\/wp-content\/uploads\/2024\/04\/bscc-icon-3.png\" class=\"attachment-medium_large size-medium_large wp-image-511\" alt=\"\" srcset=\"https:\/\/www.szunioncargo.com\/wp-content\/uploads\/2024\/04\/bscc-icon-3.png 80w, https:\/\/www.szunioncargo.com\/wp-content\/uploads\/2024\/04\/bscc-icon-3-12x12.png 12w\" sizes=\"100vw\" \/>\t\t\t\t\t\t\t\t\t\t\t\t\t<\/div>\n\t\t\t\t<\/div>\n\t\t\t\t<div class=\"elementor-element elementor-element-2418eefc elementor-widget elementor-widget-text-editor\" data-id=\"2418eefc\" data-element_type=\"widget\" data-widget_type=\"text-editor.default\">\n\t\t\t\t<div class=\"elementor-widget-container\">\n\t\t\t\t\t\t\t<p>comercio de entrepot<\/p>\t\t\t\t\t\t<\/div>\n\t\t\t\t<\/div>\n\t\t\t\t\t<\/div>\n\t\t\t\t<\/div>\n\t\t\t\t<\/div>\n\t\t<div class=\"elementor-element elementor-element-641c9a93 e-con-full e-flex e-con e-child\" data-id=\"641c9a93\" data-element_type=\"container\">\n\t\t<div class=\"elementor-element elementor-element-476ef281 e-flex e-con-boxed e-con e-child\" data-id=\"476ef281\" data-element_type=\"container\" data-settings=\"{&quot;background_background&quot;:&quot;classic&quot;}\">\n\t\t\t\t\t<div class=\"e-con-inner\">\n\t\t\t\t<div class=\"elementor-element elementor-element-1041841e elementor-widget elementor-widget-image\" data-id=\"1041841e\" data-element_type=\"widget\" data-widget_type=\"image.default\">\n\t\t\t\t<div class=\"elementor-widget-container\">\n\t\t\t\t\t\t\t\t\t\t\t\t\t<img loading=\"lazy\" decoding=\"async\" width=\"80\" height=\"80\" src=\"https:\/\/www.szunioncargo.com\/wp-content\/uploads\/2024\/04\/bscc-icon-4.png\" class=\"attachment-medium_large size-medium_large wp-image-512\" alt=\"\" srcset=\"https:\/\/www.szunioncargo.com\/wp-content\/uploads\/2024\/04\/bscc-icon-4.png 80w, https:\/\/www.szunioncargo.com\/wp-content\/uploads\/2024\/04\/bscc-icon-4-12x12.png 12w\" sizes=\"100vw\" \/>\t\t\t\t\t\t\t\t\t\t\t\t\t<\/div>\n\t\t\t\t<\/div>\n\t\t\t\t<div class=\"elementor-element elementor-element-6eba6a39 elementor-widget elementor-widget-text-editor\" data-id=\"6eba6a39\" data-element_type=\"widget\" data-widget_type=\"text-editor.default\">\n\t\t\t\t<div class=\"elementor-widget-container\">\n\t\t\t\t\t\t\t<p>Env\u00edos de vuelta (fuera del puerto) para reparaciones<\/p>\t\t\t\t\t\t<\/div>\n\t\t\t\t<\/div>\n\t\t\t\t\t<\/div>\n\t\t\t\t<\/div>\n\t\t\t\t<\/div>\n\t\t\t\t\t<\/div>\n\t\t\t\t<\/div>\n\t\t\t\t<\/div>","protected":false},"excerpt":{"rendered":"<p>\u5609\u5fb7\u4fe1\u901a\u63d0\u4f9b\u62a5\u7a0e\u7269\u6d41\u670d\u52a1\uff0c\u670d\u52a1\u5185\u5bb9\u5305\u62ec\u51fa\u53e3\u62fc\u7bb1\uff0c\u51fa\u53e3\u4ed3\u50a8\uff0c\u8fdb\u53e3\u62a5\u7a0e\u4ed3\u50a8\uff0c\u8fdb\u53e3\u62a5\u7a0e\u914d\u9001\uff0c\u8f6c\u53e3\u8d38\u6613\u3002 \u670d\u52a1\u8303\u56f4 \u51fa &hellip; <\/p>\n<p class=\"link-more\"><a href=\"https:\/\/www.szunioncargo.com\/es\/service-bs\/\" class=\"more-link\">Leer m\u00e1s<span class=\"screen-reader-text\"> \u00ab\u4fdd\u7a0e\u4ed3\u50a8\u00bb<\/span><\/a><\/p>","protected":false},"author":1,"featured_media":1267,"parent":0,"menu_order":0,"comment_status":"closed","ping_status":"closed","template":"","meta":{"footnotes":""},"class_list":["post-74","page","type-page","status-publish","has-post-thumbnail","hentry"],"featured_media_urls":{"thumbnail":["https:\/\/www.szunioncargo.com\/wp-content\/uploads\/2024\/05\/bscc-banner-150x150.webp",150,150,true],"medium":["https:\/\/www.szunioncargo.com\/wp-content\/uploads\/2024\/05\/bscc-banner-300x79.webp",300,79,true],"medium_large":["https:\/\/www.szunioncargo.com\/wp-content\/uploads\/2024\/05\/bscc-banner.webp",768,202,false],"large":["https:\/\/www.szunioncargo.com\/wp-content\/uploads\/2024\/05\/bscc-banner-1024x269.webp",950,250,true],"1536x1536":["https:\/\/www.szunioncargo.com\/wp-content\/uploads\/2024\/05\/bscc-banner-1536x404.webp",1536,404,true],"2048x2048":["https:\/\/www.szunioncargo.com\/wp-content\/uploads\/2024\/05\/bscc-banner.webp",1900,500,false],"trp-custom-language-flag":["https:\/\/www.szunioncargo.com\/wp-content\/uploads\/2024\/05\/bscc-banner-18x5.webp",18,5,true],"inspiro-featured-image":["https:\/\/www.szunioncargo.com\/wp-content\/uploads\/2024\/05\/bscc-banner.webp",1900,500,false],"inspiro-loop":["https:\/\/www.szunioncargo.com\/wp-content\/uploads\/2024\/05\/bscc-banner-950x320.webp",950,320,true],"inspiro-loop@2x":["https:\/\/www.szunioncargo.com\/wp-content\/uploads\/2024\/05\/bscc-banner.webp",1900,500,false],"portfolio_item-thumbnail":["https:\/\/www.szunioncargo.com\/wp-content\/uploads\/2024\/05\/bscc-banner-600x400.webp",600,400,true],"portfolio_item-thumbnail@2x":["https:\/\/www.szunioncargo.com\/wp-content\/uploads\/2024\/05\/bscc-banner-1200x500.webp",1200,500,true],"portfolio_item-masonry":["https:\/\/www.szunioncargo.com\/wp-content\/uploads\/2024\/05\/bscc-banner-600x158.webp",600,158,true],"portfolio_item-masonry@2x":["https:\/\/www.szunioncargo.com\/wp-content\/uploads\/2024\/05\/bscc-banner-1200x316.webp",1200,316,true],"portfolio_item-thumbnail_cinema":["https:\/\/www.szunioncargo.com\/wp-content\/uploads\/2024\/05\/bscc-banner-800x335.webp",800,335,true],"portfolio_item-thumbnail_portrait":["https:\/\/www.szunioncargo.com\/wp-content\/uploads\/2024\/05\/bscc-banner-600x500.webp",600,500,true],"portfolio_item-thumbnail_portrait@2x":["https:\/\/www.szunioncargo.com\/wp-content\/uploads\/2024\/05\/bscc-banner-1200x500.webp",1200,500,true],"portfolio_item-thumbnail_square":["https:\/\/www.szunioncargo.com\/wp-content\/uploads\/2024\/05\/bscc-banner-800x500.webp",800,500,true]},"_links":{"self":[{"href":"https:\/\/www.szunioncargo.com\/es\/wp-json\/wp\/v2\/pages\/74","targetHints":{"allow":["GET"]}}],"collection":[{"href":"https:\/\/www.szunioncargo.com\/es\/wp-json\/wp\/v2\/pages"}],"about":[{"href":"https:\/\/www.szunioncargo.com\/es\/wp-json\/wp\/v2\/types\/page"}],"author":[{"embeddable":true,"href":"https:\/\/www.szunioncargo.com\/es\/wp-json\/wp\/v2\/users\/1"}],"replies":[{"embeddable":true,"href":"https:\/\/www.szunioncargo.com\/es\/wp-json\/wp\/v2\/comments?post=74"}],"version-history":[{"count":16,"href":"https:\/\/www.szunioncargo.com\/es\/wp-json\/wp\/v2\/pages\/74\/revisions"}],"predecessor-version":[{"id":1272,"href":"https:\/\/www.szunioncargo.com\/es\/wp-json\/wp\/v2\/pages\/74\/revisions\/1272"}],"wp:featuredmedia":[{"embeddable":true,"href":"https:\/\/www.szunioncargo.com\/es\/wp-json\/wp\/v2\/media\/1267"}],"wp:attachment":[{"href":"https:\/\/www.szunioncargo.com\/es\/wp-json\/wp\/v2\/media?parent=74"}],"curies":[{"name":"wp","href":"https:\/\/api.w.org\/{rel}","templated":true}]}}