{"id":76,"date":"2024-04-20T09:03:32","date_gmt":"2024-04-20T09:03:32","guid":{"rendered":"https:\/\/jdxt.honeyplaybox.eu\/?page_id=76"},"modified":"2024-05-25T07:50:02","modified_gmt":"2024-05-25T07:50:02","slug":"service-xny","status":"publish","type":"page","link":"https:\/\/www.szunioncargo.com\/es\/service-xny\/","title":{"rendered":"Nueva Energ\u00eda"},"content":{"rendered":"<div data-elementor-type=\"wp-page\" data-elementor-id=\"76\" class=\"elementor elementor-76\" data-elementor-post-type=\"page\">\n\t\t\t\t<div class=\"elementor-element elementor-element-ac49d13 e-flex e-con-boxed e-con e-parent\" data-id=\"ac49d13\" data-element_type=\"container\">\n\t\t\t\t\t<div class=\"e-con-inner\">\n\t\t<div class=\"elementor-element elementor-element-14f42e4a e-con-full e-flex e-con e-child\" data-id=\"14f42e4a\" data-element_type=\"container\">\n\t\t\t\t<div class=\"elementor-element elementor-element-41f2bd14 elementor-widget elementor-widget-image\" data-id=\"41f2bd14\" data-element_type=\"widget\" data-widget_type=\"image.default\">\n\t\t\t\t<div class=\"elementor-widget-container\">\n\t\t\t<style>\/*! elementor - v3.21.0 - 18-04-2024 *\/\n.elementor-widget-image{text-align:center}.elementor-widget-image a{display:inline-block}.elementor-widget-image a img[src$=\".svg\"]{width:48px}.elementor-widget-image img{vertical-align:middle;display:inline-block}<\/style>\t\t\t\t\t\t\t\t\t\t<img fetchpriority=\"high\" decoding=\"async\" width=\"554\" height=\"342\" src=\"https:\/\/www.szunioncargo.com\/wp-content\/uploads\/2024\/05\/xny-1.webp\" class=\"elementor-animation-grow attachment-large size-large wp-image-1273\" alt=\"\" srcset=\"https:\/\/www.szunioncargo.com\/wp-content\/uploads\/2024\/05\/xny-1.webp 554w, https:\/\/www.szunioncargo.com\/wp-content\/uploads\/2024\/05\/xny-1-300x185.webp 300w, https:\/\/www.szunioncargo.com\/wp-content\/uploads\/2024\/05\/xny-1-18x12.webp 18w\" sizes=\"100vw\" \/>\t\t\t\t\t\t\t\t\t\t\t\t\t<\/div>\n\t\t\t\t<\/div>\n\t\t\t\t<\/div>\n\t\t<div class=\"elementor-element elementor-element-5a9ee45e e-con-full e-flex e-con e-child\" data-id=\"5a9ee45e\" data-element_type=\"container\">\n\t\t\t\t<div class=\"elementor-element elementor-element-92cf3e9 elementor-widget elementor-widget-text-editor\" data-id=\"92cf3e9\" data-element_type=\"widget\" data-widget_type=\"text-editor.default\">\n\t\t\t\t<div class=\"elementor-widget-container\">\n\t\t\t<style>\/*! elementor - v3.21.0 - 18-04-2024 *\/\n.elementor-widget-text-editor.elementor-drop-cap-view-stacked .elementor-drop-cap{background-color:#69727d;color:#fff}.elementor-widget-text-editor.elementor-drop-cap-view-framed .elementor-drop-cap{color:#69727d;border:3px solid;background-color:transparent}.elementor-widget-text-editor:not(.elementor-drop-cap-view-default) .elementor-drop-cap{margin-top:8px}.elementor-widget-text-editor:not(.elementor-drop-cap-view-default) .elementor-drop-cap-letter{width:1em;height:1em}.elementor-widget-text-editor .elementor-drop-cap{float:left;text-align:center;line-height:1;font-size:50px}.elementor-widget-text-editor .elementor-drop-cap-letter{display:inline-block}<\/style>\t\t\t\t<p>Guardian ICT presta servicios log\u00edsticos integrados para la importaci\u00f3n y exportaci\u00f3n de veh\u00edculos de nueva energ\u00eda, armarios de almacenamiento de energ\u00eda, veh\u00edculos el\u00e9ctricos con bater\u00edas de litio, paneles solares y otros productos, incluyendo an\u00e1lisis log\u00edstico, consultor\u00eda y dise\u00f1o, ingenier\u00eda, embalaje y transporte, as\u00ed como optimizaci\u00f3n de procesos log\u00edsticos.<\/p>\t\t\t\t\t\t<\/div>\n\t\t\t\t<\/div>\n\t\t\t\t<\/div>\n\t\t\t\t\t<\/div>\n\t\t\t\t<\/div>\n\t\t<div class=\"elementor-element elementor-element-111dff0c e-flex e-con-boxed e-con e-parent\" data-id=\"111dff0c\" data-element_type=\"container\">\n\t\t\t\t\t<div class=\"e-con-inner\">\n\t\t\t\t<div class=\"elementor-element elementor-element-47ee594b elementor-widget elementor-widget-heading\" data-id=\"47ee594b\" data-element_type=\"widget\" data-widget_type=\"heading.default\">\n\t\t\t\t<div class=\"elementor-widget-container\">\n\t\t\t<style>\/*! elementor - v3.21.0 - 18-04-2024 *\/\n.elementor-heading-title{padding:0;margin:0;line-height:1}.elementor-widget-heading .elementor-heading-title[class*=elementor-size-]>a{color:inherit;font-size:inherit;line-height:inherit}.elementor-widget-heading .elementor-heading-title.elementor-size-small{font-size:15px}.elementor-widget-heading .elementor-heading-title.elementor-size-medium{font-size:19px}.elementor-widget-heading .elementor-heading-title.elementor-size-large{font-size:29px}.elementor-widget-heading .elementor-heading-title.elementor-size-xl{font-size:39px}.elementor-widget-heading .elementor-heading-title.elementor-size-xxl{font-size:59px}<\/style><h1 class=\"elementor-heading-title elementor-size-default\">Servicios<\/h1>\t\t<\/div>\n\t\t\t\t<\/div>\n\t\t\t\t\t<\/div>\n\t\t\t\t<\/div>\n\t\t<div class=\"elementor-element elementor-element-227f20b8 e-flex e-con-boxed e-con e-parent\" data-id=\"227f20b8\" data-element_type=\"container\">\n\t\t\t\t\t<div class=\"e-con-inner\">\n\t\t<div class=\"elementor-element elementor-element-4d2cbffc e-con-full e-flex e-con e-child\" data-id=\"4d2cbffc\" data-element_type=\"container\">\n\t\t<div class=\"elementor-element elementor-element-8f3c9a5 e-flex e-con-boxed e-con e-child\" data-id=\"8f3c9a5\" data-element_type=\"container\" data-settings=\"{&quot;background_background&quot;:&quot;classic&quot;}\">\n\t\t\t\t\t<div class=\"e-con-inner\">\n\t\t\t\t<div class=\"elementor-element elementor-element-6e989fe6 elementor-widget elementor-widget-image\" data-id=\"6e989fe6\" data-element_type=\"widget\" data-widget_type=\"image.default\">\n\t\t\t\t<div class=\"elementor-widget-container\">\n\t\t\t\t\t\t\t\t\t\t\t\t\t<img decoding=\"async\" width=\"80\" height=\"80\" src=\"https:\/\/www.szunioncargo.com\/wp-content\/uploads\/2024\/04\/xny-icon-2.png\" class=\"attachment-medium_large size-medium_large wp-image-518\" alt=\"\" srcset=\"https:\/\/www.szunioncargo.com\/wp-content\/uploads\/2024\/04\/xny-icon-2.png 80w, https:\/\/www.szunioncargo.com\/wp-content\/uploads\/2024\/04\/xny-icon-2-12x12.png 12w\" sizes=\"100vw\" \/>\t\t\t\t\t\t\t\t\t\t\t\t\t<\/div>\n\t\t\t\t<\/div>\n\t\t\t\t<div class=\"elementor-element elementor-element-327674c3 elementor-widget elementor-widget-text-editor\" data-id=\"327674c3\" data-element_type=\"widget\" data-widget_type=\"text-editor.default\">\n\t\t\t\t<div class=\"elementor-widget-container\">\n\t\t\t\t\t\t\t<p>Coche el\u00e9ctrico con bater\u00eda de litio<\/p>\t\t\t\t\t\t<\/div>\n\t\t\t\t<\/div>\n\t\t\t\t\t<\/div>\n\t\t\t\t<\/div>\n\t\t\t\t<\/div>\n\t\t<div class=\"elementor-element elementor-element-7ea8e512 e-con-full e-flex e-con e-child\" data-id=\"7ea8e512\" data-element_type=\"container\">\n\t\t<div class=\"elementor-element elementor-element-5d8c35c6 e-flex e-con-boxed e-con e-child\" data-id=\"5d8c35c6\" data-element_type=\"container\" data-settings=\"{&quot;background_background&quot;:&quot;classic&quot;}\">\n\t\t\t\t\t<div class=\"e-con-inner\">\n\t\t\t\t<div class=\"elementor-element elementor-element-5eefd6c5 elementor-widget elementor-widget-image\" data-id=\"5eefd6c5\" data-element_type=\"widget\" data-widget_type=\"image.default\">\n\t\t\t\t<div class=\"elementor-widget-container\">\n\t\t\t\t\t\t\t\t\t\t\t\t\t<img decoding=\"async\" width=\"80\" height=\"80\" src=\"https:\/\/www.szunioncargo.com\/wp-content\/uploads\/2024\/04\/cc-icon-3.png\" class=\"attachment-medium_large size-medium_large wp-image-476\" alt=\"\" srcset=\"https:\/\/www.szunioncargo.com\/wp-content\/uploads\/2024\/04\/cc-icon-3.png 80w, https:\/\/www.szunioncargo.com\/wp-content\/uploads\/2024\/04\/cc-icon-3-12x12.png 12w\" sizes=\"100vw\" \/>\t\t\t\t\t\t\t\t\t\t\t\t\t<\/div>\n\t\t\t\t<\/div>\n\t\t\t\t<div class=\"elementor-element elementor-element-70839840 elementor-widget elementor-widget-text-editor\" data-id=\"70839840\" data-element_type=\"widget\" data-widget_type=\"text-editor.default\">\n\t\t\t\t<div class=\"elementor-widget-container\">\n\t\t\t\t\t\t\t<p>veh\u00edculo de nueva energ\u00eda<\/p>\t\t\t\t\t\t<\/div>\n\t\t\t\t<\/div>\n\t\t\t\t\t<\/div>\n\t\t\t\t<\/div>\n\t\t\t\t<\/div>\n\t\t<div class=\"elementor-element elementor-element-6d143c41 e-con-full e-flex e-con e-child\" data-id=\"6d143c41\" data-element_type=\"container\">\n\t\t<div class=\"elementor-element elementor-element-779e879a e-flex e-con-boxed e-con e-child\" data-id=\"779e879a\" data-element_type=\"container\" data-settings=\"{&quot;background_background&quot;:&quot;classic&quot;}\">\n\t\t\t\t\t<div class=\"e-con-inner\">\n\t\t\t\t<div class=\"elementor-element elementor-element-484a0e82 elementor-widget elementor-widget-image\" data-id=\"484a0e82\" data-element_type=\"widget\" data-widget_type=\"image.default\">\n\t\t\t\t<div class=\"elementor-widget-container\">\n\t\t\t\t\t\t\t\t\t\t\t\t\t<img loading=\"lazy\" decoding=\"async\" width=\"80\" height=\"80\" src=\"https:\/\/www.szunioncargo.com\/wp-content\/uploads\/2024\/04\/cc-icon-4.png\" class=\"attachment-medium_large size-medium_large wp-image-477\" alt=\"\" srcset=\"https:\/\/www.szunioncargo.com\/wp-content\/uploads\/2024\/04\/cc-icon-4.png 80w, https:\/\/www.szunioncargo.com\/wp-content\/uploads\/2024\/04\/cc-icon-4-12x12.png 12w\" sizes=\"100vw\" \/>\t\t\t\t\t\t\t\t\t\t\t\t\t<\/div>\n\t\t\t\t<\/div>\n\t\t\t\t<div class=\"elementor-element elementor-element-2bd8b5cd elementor-widget elementor-widget-text-editor\" data-id=\"2bd8b5cd\" data-element_type=\"widget\" data-widget_type=\"text-editor.default\">\n\t\t\t\t<div class=\"elementor-widget-container\">\n\t\t\t\t\t\t\t<p>armario de almacenamiento de energ\u00eda<\/p>\t\t\t\t\t\t<\/div>\n\t\t\t\t<\/div>\n\t\t\t\t\t<\/div>\n\t\t\t\t<\/div>\n\t\t\t\t<\/div>\n\t\t<div class=\"elementor-element elementor-element-1f594b9 e-con-full e-flex e-con e-child\" data-id=\"1f594b9\" data-element_type=\"container\">\n\t\t<div class=\"elementor-element elementor-element-519010ac e-flex e-con-boxed e-con e-child\" data-id=\"519010ac\" data-element_type=\"container\" data-settings=\"{&quot;background_background&quot;:&quot;classic&quot;}\">\n\t\t\t\t\t<div class=\"e-con-inner\">\n\t\t\t\t<div class=\"elementor-element elementor-element-5ef43b08 elementor-widget elementor-widget-image\" data-id=\"5ef43b08\" data-element_type=\"widget\" data-widget_type=\"image.default\">\n\t\t\t\t<div class=\"elementor-widget-container\">\n\t\t\t\t\t\t\t\t\t\t\t\t\t<img loading=\"lazy\" decoding=\"async\" width=\"80\" height=\"80\" src=\"https:\/\/www.szunioncargo.com\/wp-content\/uploads\/2024\/04\/xny-icon-1.png\" class=\"attachment-medium_large size-medium_large wp-image-517\" alt=\"\" srcset=\"https:\/\/www.szunioncargo.com\/wp-content\/uploads\/2024\/04\/xny-icon-1.png 80w, https:\/\/www.szunioncargo.com\/wp-content\/uploads\/2024\/04\/xny-icon-1-12x12.png 12w\" sizes=\"100vw\" \/>\t\t\t\t\t\t\t\t\t\t\t\t\t<\/div>\n\t\t\t\t<\/div>\n\t\t\t\t<div class=\"elementor-element elementor-element-4c3789a7 elementor-widget elementor-widget-text-editor\" data-id=\"4c3789a7\" data-element_type=\"widget\" data-widget_type=\"text-editor.default\">\n\t\t\t\t<div class=\"elementor-widget-container\">\n\t\t\t\t\t\t\t<p>panel solar<\/p>\t\t\t\t\t\t<\/div>\n\t\t\t\t<\/div>\n\t\t\t\t\t<\/div>\n\t\t\t\t<\/div>\n\t\t\t\t<\/div>\n\t\t\t\t\t<\/div>\n\t\t\t\t<\/div>\n\t\t\t\t<\/div>","protected":false},"excerpt":{"rendered":"<p>\u5609\u5fb7\u4fe1\u901a\u63d0\u4f9b\u65b0\u80fd\u6e90\u8f66\u3001\u50a8\u80fd\u67dc\u3001\u9502\u7535\u6c60\u7535\u52a8\u8f66\u3001\u592a\u9633\u80fd\u677f\u7b49\u4ea7\u54c1\u7684\u8fdb\u51fa\u53e3\u7684\u4e00\u4f53\u5316\u7269\u6d41\u670d\u52a1\uff0c\u5305\u62ec\u7269\u6d41\u5206\u6790\u3001\u54a8\u8be2\u548c\u8bbe\u8ba1\u3001 &hellip; <\/p>\n<p class=\"link-more\"><a href=\"https:\/\/www.szunioncargo.com\/es\/service-xny\/\" class=\"more-link\">Leer m\u00e1s<span class=\"screen-reader-text\"> \u00ab\u65b0\u80fd\u6e90\u00bb<\/span><\/a><\/p>","protected":false},"author":1,"featured_media":1267,"parent":0,"menu_order":0,"comment_status":"closed","ping_status":"closed","template":"","meta":{"footnotes":""},"class_list":["post-76","page","type-page","status-publish","has-post-thumbnail","hentry"],"featured_media_urls":{"thumbnail":["https:\/\/www.szunioncargo.com\/wp-content\/uploads\/2024\/05\/bscc-banner-150x150.webp",150,150,true],"medium":["https:\/\/www.szunioncargo.com\/wp-content\/uploads\/2024\/05\/bscc-banner-300x79.webp",300,79,true],"medium_large":["https:\/\/www.szunioncargo.com\/wp-content\/uploads\/2024\/05\/bscc-banner.webp",768,202,false],"large":["https:\/\/www.szunioncargo.com\/wp-content\/uploads\/2024\/05\/bscc-banner-1024x269.webp",950,250,true],"1536x1536":["https:\/\/www.szunioncargo.com\/wp-content\/uploads\/2024\/05\/bscc-banner-1536x404.webp",1536,404,true],"2048x2048":["https:\/\/www.szunioncargo.com\/wp-content\/uploads\/2024\/05\/bscc-banner.webp",1900,500,false],"trp-custom-language-flag":["https:\/\/www.szunioncargo.com\/wp-content\/uploads\/2024\/05\/bscc-banner-18x5.webp",18,5,true],"inspiro-featured-image":["https:\/\/www.szunioncargo.com\/wp-content\/uploads\/2024\/05\/bscc-banner.webp",1900,500,false],"inspiro-loop":["https:\/\/www.szunioncargo.com\/wp-content\/uploads\/2024\/05\/bscc-banner-950x320.webp",950,320,true],"inspiro-loop@2x":["https:\/\/www.szunioncargo.com\/wp-content\/uploads\/2024\/05\/bscc-banner.webp",1900,500,false],"portfolio_item-thumbnail":["https:\/\/www.szunioncargo.com\/wp-content\/uploads\/2024\/05\/bscc-banner-600x400.webp",600,400,true],"portfolio_item-thumbnail@2x":["https:\/\/www.szunioncargo.com\/wp-content\/uploads\/2024\/05\/bscc-banner-1200x500.webp",1200,500,true],"portfolio_item-masonry":["https:\/\/www.szunioncargo.com\/wp-content\/uploads\/2024\/05\/bscc-banner-600x158.webp",600,158,true],"portfolio_item-masonry@2x":["https:\/\/www.szunioncargo.com\/wp-content\/uploads\/2024\/05\/bscc-banner-1200x316.webp",1200,316,true],"portfolio_item-thumbnail_cinema":["https:\/\/www.szunioncargo.com\/wp-content\/uploads\/2024\/05\/bscc-banner-800x335.webp",800,335,true],"portfolio_item-thumbnail_portrait":["https:\/\/www.szunioncargo.com\/wp-content\/uploads\/2024\/05\/bscc-banner-600x500.webp",600,500,true],"portfolio_item-thumbnail_portrait@2x":["https:\/\/www.szunioncargo.com\/wp-content\/uploads\/2024\/05\/bscc-banner-1200x500.webp",1200,500,true],"portfolio_item-thumbnail_square":["https:\/\/www.szunioncargo.com\/wp-content\/uploads\/2024\/05\/bscc-banner-800x500.webp",800,500,true]},"_links":{"self":[{"href":"https:\/\/www.szunioncargo.com\/es\/wp-json\/wp\/v2\/pages\/76","targetHints":{"allow":["GET"]}}],"collection":[{"href":"https:\/\/www.szunioncargo.com\/es\/wp-json\/wp\/v2\/pages"}],"about":[{"href":"https:\/\/www.szunioncargo.com\/es\/wp-json\/wp\/v2\/types\/page"}],"author":[{"embeddable":true,"href":"https:\/\/www.szunioncargo.com\/es\/wp-json\/wp\/v2\/users\/1"}],"replies":[{"embeddable":true,"href":"https:\/\/www.szunioncargo.com\/es\/wp-json\/wp\/v2\/comments?post=76"}],"version-history":[{"count":16,"href":"https:\/\/www.szunioncargo.com\/es\/wp-json\/wp\/v2\/pages\/76\/revisions"}],"predecessor-version":[{"id":1276,"href":"https:\/\/www.szunioncargo.com\/es\/wp-json\/wp\/v2\/pages\/76\/revisions\/1276"}],"wp:featuredmedia":[{"embeddable":true,"href":"https:\/\/www.szunioncargo.com\/es\/wp-json\/wp\/v2\/media\/1267"}],"wp:attachment":[{"href":"https:\/\/www.szunioncargo.com\/es\/wp-json\/wp\/v2\/media?parent=76"}],"curies":[{"name":"wp","href":"https:\/\/api.w.org\/{rel}","templated":true}]}}